{"id":531,"date":"2021-02-01T15:21:58","date_gmt":"2021-02-01T15:21:58","guid":{"rendered":"https:\/\/www.tabacfigueres.com\/?page_id=531"},"modified":"2021-05-04T09:31:20","modified_gmt":"2021-05-04T09:31:20","slug":"contacte-i-situacio","status":"publish","type":"page","link":"https:\/\/www.tabacfigueres.com\/ca\/contacte-i-situacio\/","title":{"rendered":"Contacte i Situaci\u00f3"},"content":{"rendered":"\n<div class=\"wp-block-columns is-layout-flex wp-container-core-columns-is-layout-9d6595d7 wp-block-columns-is-layout-flex\">\n<div class=\"wp-block-column is-layout-flow wp-block-column-is-layout-flow\">\n<h2 class=\"wp-block-heading\">Estanc n8<\/h2>\n\n\n\n<p>Avda. Marignane 28 &#8211; 17600 Figueres<br\/>Girona, Alt Empord\u00e0<br\/><br\/>T. <a href=\"tel:0034%20972505707\">0034 972 50 57 07<\/a><br\/><a href=\"#\">exp_n8@tabacfigueres.com<\/a><\/p>\n<\/div>\n\n\n\n<div class=\"wp-block-column is-layout-flow wp-block-column-is-layout-flow\">\n<p><iframe src=\"https:\/\/www.google.com\/maps\/embed?pb=!1m18!1m12!1m3!1d11810.165007017982!2d2.9675669483410774!3d42.266968284180265!2m3!1f0!2f0!3f0!3m2!1i1024!2i768!4f13.1!3m3!1m2!1s0x12ba8de0d0668ea1%3A0x3ffc867255dd83c!2sEstanc%20figueres%20-%20cava%20cigars%20loter%C3%ADa%20nacional%20euromillons%20primitiva.!5e0!3m2!1ses!2ses!4v1612189945398!5m2!1ses!2ses\" style=\"border:0;\" allowfullscreen=\"\" aria-hidden=\"false\" tabindex=\"0\" width=\"600\" height=\"450\" frameborder=\"0\"><\/iframe><\/p>\n<\/div>\n<\/div>\n","protected":false},"excerpt":{"rendered":"<p>Estanc n8 Avda. Marignane 28 &#8211; 17600 FigueresGirona, Alt Empord\u00e0 T. 0034 972 50 57 07exp_n8@tabacfigueres.com<\/p>\n","protected":false},"author":1,"featured_media":532,"parent":0,"menu_order":0,"comment_status":"closed","ping_status":"closed","template":"","meta":{"_exactmetrics_skip_tracking":false,"_exactmetrics_sitenote_active":false,"_exactmetrics_sitenote_note":"","_exactmetrics_sitenote_category":0,"footnotes":""},"class_list":["post-531","page","type-page","status-publish","has-post-thumbnail","hentry"],"yoast_head":"<!-- This site is optimized with the Yoast SEO plugin v21.7 - https:\/\/yoast.com\/wordpress\/plugins\/seo\/ -->\n<title>Contacte i Situaci\u00f3 - Tabac n. 8 Figueres - Loteria Nacional la primitiva Euromili\u00f3 la Quiniela<\/title>\n<meta name=\"robots\" content=\"index, follow, max-snippet:-1, max-image-preview:large, max-video-preview:-1\" \/>\n<link rel=\"canonical\" href=\"https:\/\/www.tabacfigueres.com\/ca\/contacte-i-situacio\/\" \/>\n<meta property=\"og:locale\" content=\"ca_ES\" \/>\n<meta property=\"og:type\" content=\"article\" \/>\n<meta property=\"og:title\" content=\"Contacte i Situaci\u00f3 - Tabac n. 8 Figueres - Loteria Nacional la primitiva Euromili\u00f3 la Quiniela\" \/>\n<meta property=\"og:description\" content=\"Estanc n8 Avda. Marignane 28 &#8211; 17600 FigueresGirona, Alt Empord\u00e0 T. 0034 972 50 57 07exp_n8@tabacfigueres.com\" \/>\n<meta property=\"og:url\" content=\"https:\/\/www.tabacfigueres.com\/ca\/contacte-i-situacio\/\" \/>\n<meta property=\"og:site_name\" content=\"Tabac n. 8 Figueres - Loteria Nacional la primitiva Euromili\u00f3 la Quiniela\" \/>\n<meta property=\"article:modified_time\" content=\"2021-05-04T09:31:20+00:00\" \/>\n<meta property=\"og:image\" content=\"https:\/\/www.tabacfigueres.com\/wp-content\/uploads\/2021\/02\/slider_04.jpg\" \/>\n\t<meta property=\"og:image:width\" content=\"1900\" \/>\n\t<meta property=\"og:image:height\" content=\"700\" \/>\n\t<meta property=\"og:image:type\" content=\"image\/jpeg\" \/>\n<meta name=\"twitter:card\" content=\"summary_large_image\" \/>\n<script type=\"application\/ld+json\" class=\"yoast-schema-graph\">{\"@context\":\"https:\/\/schema.org\",\"@graph\":[{\"@type\":\"WebPage\",\"@id\":\"https:\/\/www.tabacfigueres.com\/ca\/contacte-i-situacio\/\",\"url\":\"https:\/\/www.tabacfigueres.com\/ca\/contacte-i-situacio\/\",\"name\":\"Contacte i Situaci\u00f3 - Tabac n. 8 Figueres - Loteria Nacional la primitiva Euromili\u00f3 la Quiniela\",\"isPartOf\":{\"@id\":\"https:\/\/www.tabacfigueres.com\/ca\/#website\"},\"datePublished\":\"2021-02-01T15:21:58+00:00\",\"dateModified\":\"2021-05-04T09:31:20+00:00\",\"breadcrumb\":{\"@id\":\"https:\/\/www.tabacfigueres.com\/ca\/contacte-i-situacio\/#breadcrumb\"},\"inLanguage\":\"ca\",\"potentialAction\":[{\"@type\":\"ReadAction\",\"target\":[\"https:\/\/www.tabacfigueres.com\/ca\/contacte-i-situacio\/\"]}]},{\"@type\":\"BreadcrumbList\",\"@id\":\"https:\/\/www.tabacfigueres.com\/ca\/contacte-i-situacio\/#breadcrumb\",\"itemListElement\":[{\"@type\":\"ListItem\",\"position\":1,\"name\":\"Portada\",\"item\":\"https:\/\/www.tabacfigueres.com\/ca\/\"},{\"@type\":\"ListItem\",\"position\":2,\"name\":\"Contacte i Situaci\u00f3\"}]},{\"@type\":\"WebSite\",\"@id\":\"https:\/\/www.tabacfigueres.com\/ca\/#website\",\"url\":\"https:\/\/www.tabacfigueres.com\/ca\/\",\"name\":\"Tabac n. 8 Figueres - Loteria Nacional la primitiva Euromili\u00f3 la Quiniela\",\"description\":\"Al nostre estanc a Figueres podr\u00e0s trobar tots els articles pel fumador, on destaca la nostra gran selecci\u00f3 de cigars Havans i tabacs de primera qualitat. Tamb\u00e9 productes de papereria, llibreria.\",\"publisher\":{\"@id\":\"https:\/\/www.tabacfigueres.com\/ca\/#organization\"},\"potentialAction\":[{\"@type\":\"SearchAction\",\"target\":{\"@type\":\"EntryPoint\",\"urlTemplate\":\"https:\/\/www.tabacfigueres.com\/ca\/?s={search_term_string}\"},\"query-input\":\"required name=search_term_string\"}],\"inLanguage\":\"ca\"},{\"@type\":\"Organization\",\"@id\":\"https:\/\/www.tabacfigueres.com\/ca\/#organization\",\"name\":\"Estanc n8 Figueres\",\"url\":\"https:\/\/www.tabacfigueres.com\/ca\/\",\"logo\":{\"@type\":\"ImageObject\",\"inLanguage\":\"ca\",\"@id\":\"https:\/\/www.tabacfigueres.com\/ca\/#\/schema\/logo\/image\/\",\"url\":\"https:\/\/www.tabacfigueres.com\/wp-content\/uploads\/2021\/01\/logo.png\",\"contentUrl\":\"https:\/\/www.tabacfigueres.com\/wp-content\/uploads\/2021\/01\/logo.png\",\"width\":250,\"height\":76,\"caption\":\"Estanc n8 Figueres\"},\"image\":{\"@id\":\"https:\/\/www.tabacfigueres.com\/ca\/#\/schema\/logo\/image\/\"}}]}<\/script>\n<!-- \/ Yoast SEO plugin. -->","yoast_head_json":{"title":"Contacte i Situaci\u00f3 - Tabac n. 8 Figueres - Loteria Nacional la primitiva Euromili\u00f3 la Quiniela","robots":{"index":"index","follow":"follow","max-snippet":"max-snippet:-1","max-image-preview":"max-image-preview:large","max-video-preview":"max-video-preview:-1"},"canonical":"https:\/\/www.tabacfigueres.com\/ca\/contacte-i-situacio\/","og_locale":"ca_ES","og_type":"article","og_title":"Contacte i Situaci\u00f3 - Tabac n. 8 Figueres - Loteria Nacional la primitiva Euromili\u00f3 la Quiniela","og_description":"Estanc n8 Avda. Marignane 28 &#8211; 17600 FigueresGirona, Alt Empord\u00e0 T. 0034 972 50 57 07exp_n8@tabacfigueres.com","og_url":"https:\/\/www.tabacfigueres.com\/ca\/contacte-i-situacio\/","og_site_name":"Tabac n. 8 Figueres - Loteria Nacional la primitiva Euromili\u00f3 la Quiniela","article_modified_time":"2021-05-04T09:31:20+00:00","og_image":[{"width":1900,"height":700,"url":"https:\/\/www.tabacfigueres.com\/wp-content\/uploads\/2021\/02\/slider_04.jpg","type":"image\/jpeg"}],"twitter_card":"summary_large_image","schema":{"@context":"https:\/\/schema.org","@graph":[{"@type":"WebPage","@id":"https:\/\/www.tabacfigueres.com\/ca\/contacte-i-situacio\/","url":"https:\/\/www.tabacfigueres.com\/ca\/contacte-i-situacio\/","name":"Contacte i Situaci\u00f3 - Tabac n. 8 Figueres - Loteria Nacional la primitiva Euromili\u00f3 la Quiniela","isPartOf":{"@id":"https:\/\/www.tabacfigueres.com\/ca\/#website"},"datePublished":"2021-02-01T15:21:58+00:00","dateModified":"2021-05-04T09:31:20+00:00","breadcrumb":{"@id":"https:\/\/www.tabacfigueres.com\/ca\/contacte-i-situacio\/#breadcrumb"},"inLanguage":"ca","potentialAction":[{"@type":"ReadAction","target":["https:\/\/www.tabacfigueres.com\/ca\/contacte-i-situacio\/"]}]},{"@type":"BreadcrumbList","@id":"https:\/\/www.tabacfigueres.com\/ca\/contacte-i-situacio\/#breadcrumb","itemListElement":[{"@type":"ListItem","position":1,"name":"Portada","item":"https:\/\/www.tabacfigueres.com\/ca\/"},{"@type":"ListItem","position":2,"name":"Contacte i Situaci\u00f3"}]},{"@type":"WebSite","@id":"https:\/\/www.tabacfigueres.com\/ca\/#website","url":"https:\/\/www.tabacfigueres.com\/ca\/","name":"Tabac n. 8 Figueres - Loteria Nacional la primitiva Euromili\u00f3 la Quiniela","description":"Al nostre estanc a Figueres podr\u00e0s trobar tots els articles pel fumador, on destaca la nostra gran selecci\u00f3 de cigars Havans i tabacs de primera qualitat. Tamb\u00e9 productes de papereria, llibreria.","publisher":{"@id":"https:\/\/www.tabacfigueres.com\/ca\/#organization"},"potentialAction":[{"@type":"SearchAction","target":{"@type":"EntryPoint","urlTemplate":"https:\/\/www.tabacfigueres.com\/ca\/?s={search_term_string}"},"query-input":"required name=search_term_string"}],"inLanguage":"ca"},{"@type":"Organization","@id":"https:\/\/www.tabacfigueres.com\/ca\/#organization","name":"Estanc n8 Figueres","url":"https:\/\/www.tabacfigueres.com\/ca\/","logo":{"@type":"ImageObject","inLanguage":"ca","@id":"https:\/\/www.tabacfigueres.com\/ca\/#\/schema\/logo\/image\/","url":"https:\/\/www.tabacfigueres.com\/wp-content\/uploads\/2021\/01\/logo.png","contentUrl":"https:\/\/www.tabacfigueres.com\/wp-content\/uploads\/2021\/01\/logo.png","width":250,"height":76,"caption":"Estanc n8 Figueres"},"image":{"@id":"https:\/\/www.tabacfigueres.com\/ca\/#\/schema\/logo\/image\/"}}]}},"_links":{"self":[{"href":"https:\/\/www.tabacfigueres.com\/ca\/wp-json\/wp\/v2\/pages\/531","targetHints":{"allow":["GET"]}}],"collection":[{"href":"https:\/\/www.tabacfigueres.com\/ca\/wp-json\/wp\/v2\/pages"}],"about":[{"href":"https:\/\/www.tabacfigueres.com\/ca\/wp-json\/wp\/v2\/types\/page"}],"author":[{"embeddable":true,"href":"https:\/\/www.tabacfigueres.com\/ca\/wp-json\/wp\/v2\/users\/1"}],"replies":[{"embeddable":true,"href":"https:\/\/www.tabacfigueres.com\/ca\/wp-json\/wp\/v2\/comments?post=531"}],"version-history":[{"count":6,"href":"https:\/\/www.tabacfigueres.com\/ca\/wp-json\/wp\/v2\/pages\/531\/revisions"}],"predecessor-version":[{"id":684,"href":"https:\/\/www.tabacfigueres.com\/ca\/wp-json\/wp\/v2\/pages\/531\/revisions\/684"}],"wp:featuredmedia":[{"embeddable":true,"href":"https:\/\/www.tabacfigueres.com\/ca\/wp-json\/wp\/v2\/media\/532"}],"wp:attachment":[{"href":"https:\/\/www.tabacfigueres.com\/ca\/wp-json\/wp\/v2\/media?parent=531"}],"curies":[{"name":"wp","href":"https:\/\/api.w.org\/{rel}","templated":true}]}}