{"id":536,"date":"2021-02-01T15:24:05","date_gmt":"2021-02-01T15:24:05","guid":{"rendered":"https:\/\/www.tabacfigueres.com\/?page_id=536"},"modified":"2021-10-13T11:09:30","modified_gmt":"2021-10-13T11:09:30","slug":"estanc-no8-a-figueres","status":"publish","type":"page","link":"https:\/\/www.tabacfigueres.com\/ca\/estanc-no8-a-figueres\/","title":{"rendered":"Estanc n\u00ba8 a Figueres"},"content":{"rendered":"\n<p>Florenci Verg\u00e9s i Sandra Cervera estan al capdavant de l&#8217;Estanc n\u00famero 8 de Figueres, Girona, situat a l&#8217;Avda. Marignane n\u00famero 28. El local va obrir portes el 27 d&#8217;abril de 2009; encara que els seus propietaris ja tenien una llarga experi\u00e8ncia al capdavant d&#8217;aquest tipus de negocis amb un estanc a la pla\u00e7a Triangular.<\/p>\n\n\n\n<p>L&#8217;Estanc n\u00famero 8 de Figueres, Girona, ha ampliat considerablement el seu radi d&#8217;abast de productes, des d&#8217;aquest negoci inicial i en els seus 80 metres quadrats avui es poden trobar m\u00e9s de 2.400 articles. Hi ha una cava dedicada al pur, una selecci\u00f3 de llibreria, papereria, articles d&#8217;ofim\u00e0tica, articles de regals, diaris i tamb\u00e9 hi ha un petit minimarket amb productes d&#8217;alimentaci\u00f3.<\/p>\n\n\n\n<p>L&#8217;any 2009 es van traslladar al costat de la carretera N-II, una ubicaci\u00f3 que els va obligar tamb\u00e9 a canviar els seus horaris i h\u00e0bits. Per aquesta ra\u00f3, obren portes a les 7 del mat\u00ed ininterrompudament fins les 21h de la nit, de dilluns a diumenge. En definitiva s&#8217;han sabut adaptar als nous temps, apostant per ampliar el model de negoci, canviar radicalment la ubicaci\u00f3, aix\u00ed, per poder seguir creixent i donant servei al p\u00fablic.<\/p>\n\n\n\n<div id='gallery-1' class='gallery galleryid-536 gallery-columns-3 gallery-size-thumbnail'><figure class='gallery-item'>\n\t\t\t<div class='gallery-icon landscape'>\n\t\t\t\t<a href='https:\/\/www.tabacfigueres.com\/ca\/estanc-no8-a-figueres\/img_4801-2\/'><img decoding=\"async\" width=\"128\" height=\"85\" src=\"https:\/\/www.tabacfigueres.com\/wp-content\/uploads\/2021\/10\/IMG_4801.jpg\" class=\"attachment-thumbnail size-thumbnail\" alt=\"\" srcset=\"https:\/\/www.tabacfigueres.com\/wp-content\/uploads\/2021\/10\/IMG_4801.jpg 850w, https:\/\/www.tabacfigueres.com\/wp-content\/uploads\/2021\/10\/IMG_4801-768x512.jpg 768w, https:\/\/www.tabacfigueres.com\/wp-content\/uploads\/2021\/10\/IMG_4801-600x400.jpg 600w\" sizes=\"(max-width: 128px) 100vw, 128px\" \/><\/a>\n\t\t\t<\/div><\/figure><figure class='gallery-item'>\n\t\t\t<div class='gallery-icon landscape'>\n\t\t\t\t<a href='https:\/\/www.tabacfigueres.com\/ca\/estanc-no8-a-figueres\/img_4937-2\/'><img decoding=\"async\" width=\"128\" height=\"85\" src=\"https:\/\/www.tabacfigueres.com\/wp-content\/uploads\/2021\/10\/IMG_4937.jpg\" class=\"attachment-thumbnail size-thumbnail\" alt=\"\" srcset=\"https:\/\/www.tabacfigueres.com\/wp-content\/uploads\/2021\/10\/IMG_4937.jpg 850w, https:\/\/www.tabacfigueres.com\/wp-content\/uploads\/2021\/10\/IMG_4937-768x512.jpg 768w, https:\/\/www.tabacfigueres.com\/wp-content\/uploads\/2021\/10\/IMG_4937-600x400.jpg 600w\" sizes=\"(max-width: 128px) 100vw, 128px\" \/><\/a>\n\t\t\t<\/div><\/figure><figure class='gallery-item'>\n\t\t\t<div class='gallery-icon landscape'>\n\t\t\t\t<a href='https:\/\/www.tabacfigueres.com\/ca\/estanc-no8-a-figueres\/img_4829-2-2\/'><img decoding=\"async\" width=\"128\" height=\"85\" src=\"https:\/\/www.tabacfigueres.com\/wp-content\/uploads\/2021\/10\/IMG_4829-1.jpg\" class=\"attachment-thumbnail size-thumbnail\" alt=\"\" srcset=\"https:\/\/www.tabacfigueres.com\/wp-content\/uploads\/2021\/10\/IMG_4829-1.jpg 850w, https:\/\/www.tabacfigueres.com\/wp-content\/uploads\/2021\/10\/IMG_4829-1-768x512.jpg 768w, https:\/\/www.tabacfigueres.com\/wp-content\/uploads\/2021\/10\/IMG_4829-1-600x400.jpg 600w\" sizes=\"(max-width: 128px) 100vw, 128px\" \/><\/a>\n\t\t\t<\/div><\/figure><figure class='gallery-item'>\n\t\t\t<div class='gallery-icon portrait'>\n\t\t\t\t<a href='https:\/\/www.tabacfigueres.com\/ca\/estanc-no8-a-figueres\/img_4914-2\/'><img loading=\"lazy\" decoding=\"async\" width=\"64\" height=\"96\" src=\"https:\/\/www.tabacfigueres.com\/wp-content\/uploads\/2021\/10\/IMG_4914.jpg\" class=\"attachment-thumbnail size-thumbnail\" alt=\"\" \/><\/a>\n\t\t\t<\/div><\/figure><figure class='gallery-item'>\n\t\t\t<div class='gallery-icon landscape'>\n\t\t\t\t<a href='https:\/\/www.tabacfigueres.com\/ca\/estanc-no8-a-figueres\/img_4817-2-2\/'><img loading=\"lazy\" decoding=\"async\" width=\"128\" height=\"85\" src=\"https:\/\/www.tabacfigueres.com\/wp-content\/uploads\/2021\/10\/IMG_4817-1.jpg\" class=\"attachment-thumbnail size-thumbnail\" alt=\"\" srcset=\"https:\/\/www.tabacfigueres.com\/wp-content\/uploads\/2021\/10\/IMG_4817-1.jpg 850w, https:\/\/www.tabacfigueres.com\/wp-content\/uploads\/2021\/10\/IMG_4817-1-768x512.jpg 768w, https:\/\/www.tabacfigueres.com\/wp-content\/uploads\/2021\/10\/IMG_4817-1-600x400.jpg 600w\" sizes=\"(max-width: 128px) 100vw, 128px\" \/><\/a>\n\t\t\t<\/div><\/figure><figure class='gallery-item'>\n\t\t\t<div class='gallery-icon landscape'>\n\t\t\t\t<a href='https:\/\/www.tabacfigueres.com\/ca\/estanc-no8-a-figueres\/img_4895-2\/'><img loading=\"lazy\" decoding=\"async\" width=\"128\" height=\"85\" src=\"https:\/\/www.tabacfigueres.com\/wp-content\/uploads\/2021\/10\/IMG_4895.jpg\" class=\"attachment-thumbnail size-thumbnail\" alt=\"\" srcset=\"https:\/\/www.tabacfigueres.com\/wp-content\/uploads\/2021\/10\/IMG_4895.jpg 850w, https:\/\/www.tabacfigueres.com\/wp-content\/uploads\/2021\/10\/IMG_4895-768x512.jpg 768w, https:\/\/www.tabacfigueres.com\/wp-content\/uploads\/2021\/10\/IMG_4895-600x400.jpg 600w\" sizes=\"(max-width: 128px) 100vw, 128px\" \/><\/a>\n\t\t\t<\/div><\/figure><figure class='gallery-item'>\n\t\t\t<div class='gallery-icon landscape'>\n\t\t\t\t<a href='https:\/\/www.tabacfigueres.com\/ca\/estanc-no8-a-figueres\/img_4805-2-2\/'><img loading=\"lazy\" decoding=\"async\" width=\"128\" height=\"85\" src=\"https:\/\/www.tabacfigueres.com\/wp-content\/uploads\/2021\/10\/IMG_4805-1.jpg\" class=\"attachment-thumbnail size-thumbnail\" alt=\"\" srcset=\"https:\/\/www.tabacfigueres.com\/wp-content\/uploads\/2021\/10\/IMG_4805-1.jpg 850w, https:\/\/www.tabacfigueres.com\/wp-content\/uploads\/2021\/10\/IMG_4805-1-768x512.jpg 768w, https:\/\/www.tabacfigueres.com\/wp-content\/uploads\/2021\/10\/IMG_4805-1-600x400.jpg 600w\" sizes=\"(max-width: 128px) 100vw, 128px\" \/><\/a>\n\t\t\t<\/div><\/figure><figure class='gallery-item'>\n\t\t\t<div class='gallery-icon landscape'>\n\t\t\t\t<a href='https:\/\/www.tabacfigueres.com\/ca\/estanc-no8-a-figueres\/img_4873-2\/'><img loading=\"lazy\" decoding=\"async\" width=\"128\" height=\"85\" src=\"https:\/\/www.tabacfigueres.com\/wp-content\/uploads\/2021\/10\/IMG_4873.jpg\" class=\"attachment-thumbnail size-thumbnail\" alt=\"\" srcset=\"https:\/\/www.tabacfigueres.com\/wp-content\/uploads\/2021\/10\/IMG_4873.jpg 850w, https:\/\/www.tabacfigueres.com\/wp-content\/uploads\/2021\/10\/IMG_4873-768x512.jpg 768w, https:\/\/www.tabacfigueres.com\/wp-content\/uploads\/2021\/10\/IMG_4873-600x400.jpg 600w\" sizes=\"(max-width: 128px) 100vw, 128px\" \/><\/a>\n\t\t\t<\/div><\/figure><figure class='gallery-item'>\n\t\t\t<div class='gallery-icon portrait'>\n\t\t\t\t<a href='https:\/\/www.tabacfigueres.com\/ca\/estanc-no8-a-figueres\/img_4804-2-2\/'><img loading=\"lazy\" decoding=\"async\" width=\"64\" height=\"96\" src=\"https:\/\/www.tabacfigueres.com\/wp-content\/uploads\/2021\/10\/IMG_4804-1.jpg\" class=\"attachment-thumbnail size-thumbnail\" alt=\"\" \/><\/a>\n\t\t\t<\/div><\/figure><figure class='gallery-item'>\n\t\t\t<div class='gallery-icon landscape'>\n\t\t\t\t<a href='https:\/\/www.tabacfigueres.com\/ca\/estanc-no8-a-figueres\/img_4864-2\/'><img loading=\"lazy\" decoding=\"async\" width=\"128\" height=\"85\" src=\"https:\/\/www.tabacfigueres.com\/wp-content\/uploads\/2021\/10\/IMG_4864.jpg\" class=\"attachment-thumbnail size-thumbnail\" alt=\"\" srcset=\"https:\/\/www.tabacfigueres.com\/wp-content\/uploads\/2021\/10\/IMG_4864.jpg 850w, https:\/\/www.tabacfigueres.com\/wp-content\/uploads\/2021\/10\/IMG_4864-768x512.jpg 768w, https:\/\/www.tabacfigueres.com\/wp-content\/uploads\/2021\/10\/IMG_4864-600x400.jpg 600w\" sizes=\"(max-width: 128px) 100vw, 128px\" \/><\/a>\n\t\t\t<\/div><\/figure><figure class='gallery-item'>\n\t\t\t<div class='gallery-icon landscape'>\n\t\t\t\t<a href='https:\/\/www.tabacfigueres.com\/ca\/estanc-no8-a-figueres\/img_4862-2\/'><img loading=\"lazy\" decoding=\"async\" width=\"128\" height=\"85\" src=\"https:\/\/www.tabacfigueres.com\/wp-content\/uploads\/2021\/10\/IMG_4862.jpg\" class=\"attachment-thumbnail size-thumbnail\" alt=\"\" srcset=\"https:\/\/www.tabacfigueres.com\/wp-content\/uploads\/2021\/10\/IMG_4862.jpg 850w, https:\/\/www.tabacfigueres.com\/wp-content\/uploads\/2021\/10\/IMG_4862-768x512.jpg 768w, https:\/\/www.tabacfigueres.com\/wp-content\/uploads\/2021\/10\/IMG_4862-600x400.jpg 600w\" sizes=\"(max-width: 128px) 100vw, 128px\" \/><\/a>\n\t\t\t<\/div><\/figure><figure class='gallery-item'>\n\t\t\t<div class='gallery-icon landscape'>\n\t\t\t\t<a href='https:\/\/www.tabacfigueres.com\/ca\/estanc-no8-a-figueres\/img_4851-2\/'><img loading=\"lazy\" decoding=\"async\" width=\"128\" height=\"85\" src=\"https:\/\/www.tabacfigueres.com\/wp-content\/uploads\/2021\/10\/IMG_4851.jpg\" class=\"attachment-thumbnail size-thumbnail\" alt=\"\" srcset=\"https:\/\/www.tabacfigueres.com\/wp-content\/uploads\/2021\/10\/IMG_4851.jpg 850w, https:\/\/www.tabacfigueres.com\/wp-content\/uploads\/2021\/10\/IMG_4851-768x512.jpg 768w, https:\/\/www.tabacfigueres.com\/wp-content\/uploads\/2021\/10\/IMG_4851-600x400.jpg 600w\" sizes=\"(max-width: 128px) 100vw, 128px\" \/><\/a>\n\t\t\t<\/div><\/figure><figure class='gallery-item'>\n\t\t\t<div class='gallery-icon portrait'>\n\t\t\t\t<a href='https:\/\/www.tabacfigueres.com\/ca\/estanc-no8-a-figueres\/img_4847-2\/'><img loading=\"lazy\" decoding=\"async\" width=\"64\" height=\"96\" src=\"https:\/\/www.tabacfigueres.com\/wp-content\/uploads\/2021\/10\/IMG_4847.jpg\" class=\"attachment-thumbnail size-thumbnail\" alt=\"\" \/><\/a>\n\t\t\t<\/div><\/figure><figure class='gallery-item'>\n\t\t\t<div class='gallery-icon landscape'>\n\t\t\t\t<a href='https:\/\/www.tabacfigueres.com\/ca\/estanc-no8-a-figueres\/img_4835-2\/'><img loading=\"lazy\" decoding=\"async\" width=\"128\" height=\"85\" src=\"https:\/\/www.tabacfigueres.com\/wp-content\/uploads\/2021\/10\/IMG_4835.jpg\" class=\"attachment-thumbnail size-thumbnail\" alt=\"\" srcset=\"https:\/\/www.tabacfigueres.com\/wp-content\/uploads\/2021\/10\/IMG_4835.jpg 850w, https:\/\/www.tabacfigueres.com\/wp-content\/uploads\/2021\/10\/IMG_4835-768x512.jpg 768w, https:\/\/www.tabacfigueres.com\/wp-content\/uploads\/2021\/10\/IMG_4835-600x400.jpg 600w\" sizes=\"(max-width: 128px) 100vw, 128px\" \/><\/a>\n\t\t\t<\/div><\/figure><figure class='gallery-item'>\n\t\t\t<div class='gallery-icon landscape'>\n\t\t\t\t<a href='https:\/\/www.tabacfigueres.com\/ca\/estanc-no8-a-figueres\/img_4951-2\/'><img loading=\"lazy\" decoding=\"async\" width=\"128\" height=\"85\" src=\"https:\/\/www.tabacfigueres.com\/wp-content\/uploads\/2021\/10\/IMG_4951.jpg\" class=\"attachment-thumbnail size-thumbnail\" alt=\"\" srcset=\"https:\/\/www.tabacfigueres.com\/wp-content\/uploads\/2021\/10\/IMG_4951.jpg 850w, https:\/\/www.tabacfigueres.com\/wp-content\/uploads\/2021\/10\/IMG_4951-768x512.jpg 768w, https:\/\/www.tabacfigueres.com\/wp-content\/uploads\/2021\/10\/IMG_4951-600x400.jpg 600w\" sizes=\"(max-width: 128px) 100vw, 128px\" \/><\/a>\n\t\t\t<\/div><\/figure><figure class='gallery-item'>\n\t\t\t<div class='gallery-icon landscape'>\n\t\t\t\t<a href='https:\/\/www.tabacfigueres.com\/ca\/estanc-no8-a-figueres\/img_5539-2\/'><img loading=\"lazy\" decoding=\"async\" width=\"128\" height=\"85\" src=\"https:\/\/www.tabacfigueres.com\/wp-content\/uploads\/2021\/10\/IMG_5539.jpg\" class=\"attachment-thumbnail size-thumbnail\" alt=\"\" srcset=\"https:\/\/www.tabacfigueres.com\/wp-content\/uploads\/2021\/10\/IMG_5539.jpg 850w, https:\/\/www.tabacfigueres.com\/wp-content\/uploads\/2021\/10\/IMG_5539-768x512.jpg 768w, https:\/\/www.tabacfigueres.com\/wp-content\/uploads\/2021\/10\/IMG_5539-600x400.jpg 600w\" sizes=\"(max-width: 128px) 100vw, 128px\" \/><\/a>\n\t\t\t<\/div><\/figure><figure class='gallery-item'>\n\t\t\t<div class='gallery-icon landscape'>\n\t\t\t\t<a href='https:\/\/www.tabacfigueres.com\/ca\/estanc-no8-a-figueres\/img_5548-2\/'><img loading=\"lazy\" decoding=\"async\" width=\"128\" height=\"85\" src=\"https:\/\/www.tabacfigueres.com\/wp-content\/uploads\/2021\/10\/IMG_5548.jpg\" class=\"attachment-thumbnail size-thumbnail\" alt=\"\" srcset=\"https:\/\/www.tabacfigueres.com\/wp-content\/uploads\/2021\/10\/IMG_5548.jpg 850w, https:\/\/www.tabacfigueres.com\/wp-content\/uploads\/2021\/10\/IMG_5548-768x512.jpg 768w, https:\/\/www.tabacfigueres.com\/wp-content\/uploads\/2021\/10\/IMG_5548-600x400.jpg 600w\" sizes=\"(max-width: 128px) 100vw, 128px\" \/><\/a>\n\t\t\t<\/div><\/figure><figure class='gallery-item'>\n\t\t\t<div class='gallery-icon landscape'>\n\t\t\t\t<a href='https:\/\/www.tabacfigueres.com\/ca\/estanc-no8-a-figueres\/img_5540-2-2\/'><img loading=\"lazy\" decoding=\"async\" width=\"128\" height=\"85\" src=\"https:\/\/www.tabacfigueres.com\/wp-content\/uploads\/2021\/10\/IMG_5540-1.jpg\" class=\"attachment-thumbnail size-thumbnail\" alt=\"\" srcset=\"https:\/\/www.tabacfigueres.com\/wp-content\/uploads\/2021\/10\/IMG_5540-1.jpg 850w, https:\/\/www.tabacfigueres.com\/wp-content\/uploads\/2021\/10\/IMG_5540-1-768x512.jpg 768w, https:\/\/www.tabacfigueres.com\/wp-content\/uploads\/2021\/10\/IMG_5540-1-600x400.jpg 600w\" sizes=\"(max-width: 128px) 100vw, 128px\" \/><\/a>\n\t\t\t<\/div><\/figure><figure class='gallery-item'>\n\t\t\t<div class='gallery-icon landscape'>\n\t\t\t\t<a href='https:\/\/www.tabacfigueres.com\/ca\/estanc-no8-a-figueres\/img_5541-2-2\/'><img loading=\"lazy\" decoding=\"async\" width=\"128\" height=\"85\" src=\"https:\/\/www.tabacfigueres.com\/wp-content\/uploads\/2021\/10\/IMG_5541-1.jpg\" class=\"attachment-thumbnail size-thumbnail\" alt=\"\" srcset=\"https:\/\/www.tabacfigueres.com\/wp-content\/uploads\/2021\/10\/IMG_5541-1.jpg 850w, https:\/\/www.tabacfigueres.com\/wp-content\/uploads\/2021\/10\/IMG_5541-1-768x512.jpg 768w, https:\/\/www.tabacfigueres.com\/wp-content\/uploads\/2021\/10\/IMG_5541-1-600x400.jpg 600w\" sizes=\"(max-width: 128px) 100vw, 128px\" \/><\/a>\n\t\t\t<\/div><\/figure><figure class='gallery-item'>\n\t\t\t<div class='gallery-icon landscape'>\n\t\t\t\t<a href='https:\/\/www.tabacfigueres.com\/ca\/estanc-no8-a-figueres\/img_5542-2-2\/'><img loading=\"lazy\" decoding=\"async\" width=\"128\" height=\"85\" src=\"https:\/\/www.tabacfigueres.com\/wp-content\/uploads\/2021\/10\/IMG_5542-1.jpg\" class=\"attachment-thumbnail size-thumbnail\" alt=\"\" srcset=\"https:\/\/www.tabacfigueres.com\/wp-content\/uploads\/2021\/10\/IMG_5542-1.jpg 850w, https:\/\/www.tabacfigueres.com\/wp-content\/uploads\/2021\/10\/IMG_5542-1-768x512.jpg 768w, https:\/\/www.tabacfigueres.com\/wp-content\/uploads\/2021\/10\/IMG_5542-1-600x400.jpg 600w\" sizes=\"(max-width: 128px) 100vw, 128px\" \/><\/a>\n\t\t\t<\/div><\/figure><figure class='gallery-item'>\n\t\t\t<div class='gallery-icon landscape'>\n\t\t\t\t<a href='https:\/\/www.tabacfigueres.com\/ca\/estanc-no8-a-figueres\/img_5546-2-2\/'><img loading=\"lazy\" decoding=\"async\" width=\"128\" height=\"85\" src=\"https:\/\/www.tabacfigueres.com\/wp-content\/uploads\/2021\/10\/IMG_5546-1.jpg\" class=\"attachment-thumbnail size-thumbnail\" alt=\"\" srcset=\"https:\/\/www.tabacfigueres.com\/wp-content\/uploads\/2021\/10\/IMG_5546-1.jpg 850w, https:\/\/www.tabacfigueres.com\/wp-content\/uploads\/2021\/10\/IMG_5546-1-768x512.jpg 768w, https:\/\/www.tabacfigueres.com\/wp-content\/uploads\/2021\/10\/IMG_5546-1-600x400.jpg 600w\" sizes=\"(max-width: 128px) 100vw, 128px\" \/><\/a>\n\t\t\t<\/div><\/figure><figure class='gallery-item'>\n\t\t\t<div class='gallery-icon landscape'>\n\t\t\t\t<a href='https:\/\/www.tabacfigueres.com\/ca\/estanc-no8-a-figueres\/img_5547-2\/'><img loading=\"lazy\" decoding=\"async\" width=\"128\" height=\"85\" src=\"https:\/\/www.tabacfigueres.com\/wp-content\/uploads\/2021\/10\/IMG_5547.jpg\" class=\"attachment-thumbnail size-thumbnail\" alt=\"\" srcset=\"https:\/\/www.tabacfigueres.com\/wp-content\/uploads\/2021\/10\/IMG_5547.jpg 850w, https:\/\/www.tabacfigueres.com\/wp-content\/uploads\/2021\/10\/IMG_5547-768x512.jpg 768w, https:\/\/www.tabacfigueres.com\/wp-content\/uploads\/2021\/10\/IMG_5547-600x400.jpg 600w\" sizes=\"(max-width: 128px) 100vw, 128px\" \/><\/a>\n\t\t\t<\/div><\/figure>\n\t\t<\/div>\n\n","protected":false},"excerpt":{"rendered":"<p>Florenci Verg\u00e9s i Sandra Cervera estan al capdavant de l&#8217;Estanc n\u00famero 8 de Figueres, Girona, situat a l&#8217;Avda. Marignane n\u00famero 28. El local va obrir&hellip;<\/p>\n","protected":false},"author":1,"featured_media":532,"parent":0,"menu_order":0,"comment_status":"closed","ping_status":"closed","template":"","meta":{"_exactmetrics_skip_tracking":false,"_exactmetrics_sitenote_active":false,"_exactmetrics_sitenote_note":"","_exactmetrics_sitenote_category":0,"footnotes":""},"class_list":["post-536","page","type-page","status-publish","has-post-thumbnail","hentry"],"yoast_head":"<!-- This site is optimized with the Yoast SEO plugin v21.7 - https:\/\/yoast.com\/wordpress\/plugins\/seo\/ -->\n<title>Estanc n\u00ba8 a Figueres - Tabac n. 8 Figueres - Loteria Nacional la primitiva Euromili\u00f3 la Quiniela<\/title>\n<meta name=\"robots\" content=\"index, follow, max-snippet:-1, max-image-preview:large, max-video-preview:-1\" \/>\n<link rel=\"canonical\" href=\"https:\/\/www.tabacfigueres.com\/ca\/estanc-no8-a-figueres\/\" \/>\n<meta property=\"og:locale\" content=\"ca_ES\" \/>\n<meta property=\"og:type\" content=\"article\" \/>\n<meta property=\"og:title\" content=\"Estanc n\u00ba8 a Figueres - Tabac n. 8 Figueres - Loteria Nacional la primitiva Euromili\u00f3 la Quiniela\" \/>\n<meta property=\"og:description\" content=\"Florenci Verg\u00e9s i Sandra Cervera estan al capdavant de l&#8217;Estanc n\u00famero 8 de Figueres, Girona, situat a l&#8217;Avda. Marignane n\u00famero 28. El local va obrir&hellip;\" \/>\n<meta property=\"og:url\" content=\"https:\/\/www.tabacfigueres.com\/ca\/estanc-no8-a-figueres\/\" \/>\n<meta property=\"og:site_name\" content=\"Tabac n. 8 Figueres - Loteria Nacional la primitiva Euromili\u00f3 la Quiniela\" \/>\n<meta property=\"article:modified_time\" content=\"2021-10-13T11:09:30+00:00\" \/>\n<meta property=\"og:image\" content=\"https:\/\/www.tabacfigueres.com\/wp-content\/uploads\/2021\/02\/slider_04.jpg\" \/>\n\t<meta property=\"og:image:width\" content=\"1900\" \/>\n\t<meta property=\"og:image:height\" content=\"700\" \/>\n\t<meta property=\"og:image:type\" content=\"image\/jpeg\" \/>\n<meta name=\"twitter:card\" content=\"summary_large_image\" \/>\n<meta name=\"twitter:label1\" content=\"Temps estimat de lectura\" \/>\n\t<meta name=\"twitter:data1\" content=\"1 minut\" \/>\n<script type=\"application\/ld+json\" class=\"yoast-schema-graph\">{\"@context\":\"https:\/\/schema.org\",\"@graph\":[{\"@type\":\"WebPage\",\"@id\":\"https:\/\/www.tabacfigueres.com\/ca\/estanc-no8-a-figueres\/\",\"url\":\"https:\/\/www.tabacfigueres.com\/ca\/estanc-no8-a-figueres\/\",\"name\":\"Estanc n\u00ba8 a Figueres - Tabac n. 8 Figueres - Loteria Nacional la primitiva Euromili\u00f3 la Quiniela\",\"isPartOf\":{\"@id\":\"https:\/\/www.tabacfigueres.com\/ca\/#website\"},\"datePublished\":\"2021-02-01T15:24:05+00:00\",\"dateModified\":\"2021-10-13T11:09:30+00:00\",\"breadcrumb\":{\"@id\":\"https:\/\/www.tabacfigueres.com\/ca\/estanc-no8-a-figueres\/#breadcrumb\"},\"inLanguage\":\"ca\",\"potentialAction\":[{\"@type\":\"ReadAction\",\"target\":[\"https:\/\/www.tabacfigueres.com\/ca\/estanc-no8-a-figueres\/\"]}]},{\"@type\":\"BreadcrumbList\",\"@id\":\"https:\/\/www.tabacfigueres.com\/ca\/estanc-no8-a-figueres\/#breadcrumb\",\"itemListElement\":[{\"@type\":\"ListItem\",\"position\":1,\"name\":\"Portada\",\"item\":\"https:\/\/www.tabacfigueres.com\/ca\/\"},{\"@type\":\"ListItem\",\"position\":2,\"name\":\"Estanc n\u00ba8 a Figueres\"}]},{\"@type\":\"WebSite\",\"@id\":\"https:\/\/www.tabacfigueres.com\/ca\/#website\",\"url\":\"https:\/\/www.tabacfigueres.com\/ca\/\",\"name\":\"Tabac n. 8 Figueres - Loteria Nacional la primitiva Euromili\u00f3 la Quiniela\",\"description\":\"Al nostre estanc a Figueres podr\u00e0s trobar tots els articles pel fumador, on destaca la nostra gran selecci\u00f3 de cigars Havans i tabacs de primera qualitat. Tamb\u00e9 productes de papereria, llibreria.\",\"publisher\":{\"@id\":\"https:\/\/www.tabacfigueres.com\/ca\/#organization\"},\"potentialAction\":[{\"@type\":\"SearchAction\",\"target\":{\"@type\":\"EntryPoint\",\"urlTemplate\":\"https:\/\/www.tabacfigueres.com\/ca\/?s={search_term_string}\"},\"query-input\":\"required name=search_term_string\"}],\"inLanguage\":\"ca\"},{\"@type\":\"Organization\",\"@id\":\"https:\/\/www.tabacfigueres.com\/ca\/#organization\",\"name\":\"Estanc n8 Figueres\",\"url\":\"https:\/\/www.tabacfigueres.com\/ca\/\",\"logo\":{\"@type\":\"ImageObject\",\"inLanguage\":\"ca\",\"@id\":\"https:\/\/www.tabacfigueres.com\/ca\/#\/schema\/logo\/image\/\",\"url\":\"https:\/\/www.tabacfigueres.com\/wp-content\/uploads\/2021\/01\/logo.png\",\"contentUrl\":\"https:\/\/www.tabacfigueres.com\/wp-content\/uploads\/2021\/01\/logo.png\",\"width\":250,\"height\":76,\"caption\":\"Estanc n8 Figueres\"},\"image\":{\"@id\":\"https:\/\/www.tabacfigueres.com\/ca\/#\/schema\/logo\/image\/\"}}]}<\/script>\n<!-- \/ Yoast SEO plugin. -->","yoast_head_json":{"title":"Estanc n\u00ba8 a Figueres - Tabac n. 8 Figueres - Loteria Nacional la primitiva Euromili\u00f3 la Quiniela","robots":{"index":"index","follow":"follow","max-snippet":"max-snippet:-1","max-image-preview":"max-image-preview:large","max-video-preview":"max-video-preview:-1"},"canonical":"https:\/\/www.tabacfigueres.com\/ca\/estanc-no8-a-figueres\/","og_locale":"ca_ES","og_type":"article","og_title":"Estanc n\u00ba8 a Figueres - Tabac n. 8 Figueres - Loteria Nacional la primitiva Euromili\u00f3 la Quiniela","og_description":"Florenci Verg\u00e9s i Sandra Cervera estan al capdavant de l&#8217;Estanc n\u00famero 8 de Figueres, Girona, situat a l&#8217;Avda. Marignane n\u00famero 28. El local va obrir&hellip;","og_url":"https:\/\/www.tabacfigueres.com\/ca\/estanc-no8-a-figueres\/","og_site_name":"Tabac n. 8 Figueres - Loteria Nacional la primitiva Euromili\u00f3 la Quiniela","article_modified_time":"2021-10-13T11:09:30+00:00","og_image":[{"width":1900,"height":700,"url":"https:\/\/www.tabacfigueres.com\/wp-content\/uploads\/2021\/02\/slider_04.jpg","type":"image\/jpeg"}],"twitter_card":"summary_large_image","twitter_misc":{"Temps estimat de lectura":"1 minut"},"schema":{"@context":"https:\/\/schema.org","@graph":[{"@type":"WebPage","@id":"https:\/\/www.tabacfigueres.com\/ca\/estanc-no8-a-figueres\/","url":"https:\/\/www.tabacfigueres.com\/ca\/estanc-no8-a-figueres\/","name":"Estanc n\u00ba8 a Figueres - Tabac n. 8 Figueres - Loteria Nacional la primitiva Euromili\u00f3 la Quiniela","isPartOf":{"@id":"https:\/\/www.tabacfigueres.com\/ca\/#website"},"datePublished":"2021-02-01T15:24:05+00:00","dateModified":"2021-10-13T11:09:30+00:00","breadcrumb":{"@id":"https:\/\/www.tabacfigueres.com\/ca\/estanc-no8-a-figueres\/#breadcrumb"},"inLanguage":"ca","potentialAction":[{"@type":"ReadAction","target":["https:\/\/www.tabacfigueres.com\/ca\/estanc-no8-a-figueres\/"]}]},{"@type":"BreadcrumbList","@id":"https:\/\/www.tabacfigueres.com\/ca\/estanc-no8-a-figueres\/#breadcrumb","itemListElement":[{"@type":"ListItem","position":1,"name":"Portada","item":"https:\/\/www.tabacfigueres.com\/ca\/"},{"@type":"ListItem","position":2,"name":"Estanc n\u00ba8 a Figueres"}]},{"@type":"WebSite","@id":"https:\/\/www.tabacfigueres.com\/ca\/#website","url":"https:\/\/www.tabacfigueres.com\/ca\/","name":"Tabac n. 8 Figueres - Loteria Nacional la primitiva Euromili\u00f3 la Quiniela","description":"Al nostre estanc a Figueres podr\u00e0s trobar tots els articles pel fumador, on destaca la nostra gran selecci\u00f3 de cigars Havans i tabacs de primera qualitat. Tamb\u00e9 productes de papereria, llibreria.","publisher":{"@id":"https:\/\/www.tabacfigueres.com\/ca\/#organization"},"potentialAction":[{"@type":"SearchAction","target":{"@type":"EntryPoint","urlTemplate":"https:\/\/www.tabacfigueres.com\/ca\/?s={search_term_string}"},"query-input":"required name=search_term_string"}],"inLanguage":"ca"},{"@type":"Organization","@id":"https:\/\/www.tabacfigueres.com\/ca\/#organization","name":"Estanc n8 Figueres","url":"https:\/\/www.tabacfigueres.com\/ca\/","logo":{"@type":"ImageObject","inLanguage":"ca","@id":"https:\/\/www.tabacfigueres.com\/ca\/#\/schema\/logo\/image\/","url":"https:\/\/www.tabacfigueres.com\/wp-content\/uploads\/2021\/01\/logo.png","contentUrl":"https:\/\/www.tabacfigueres.com\/wp-content\/uploads\/2021\/01\/logo.png","width":250,"height":76,"caption":"Estanc n8 Figueres"},"image":{"@id":"https:\/\/www.tabacfigueres.com\/ca\/#\/schema\/logo\/image\/"}}]}},"_links":{"self":[{"href":"https:\/\/www.tabacfigueres.com\/ca\/wp-json\/wp\/v2\/pages\/536","targetHints":{"allow":["GET"]}}],"collection":[{"href":"https:\/\/www.tabacfigueres.com\/ca\/wp-json\/wp\/v2\/pages"}],"about":[{"href":"https:\/\/www.tabacfigueres.com\/ca\/wp-json\/wp\/v2\/types\/page"}],"author":[{"embeddable":true,"href":"https:\/\/www.tabacfigueres.com\/ca\/wp-json\/wp\/v2\/users\/1"}],"replies":[{"embeddable":true,"href":"https:\/\/www.tabacfigueres.com\/ca\/wp-json\/wp\/v2\/comments?post=536"}],"version-history":[{"count":4,"href":"https:\/\/www.tabacfigueres.com\/ca\/wp-json\/wp\/v2\/pages\/536\/revisions"}],"predecessor-version":[{"id":782,"href":"https:\/\/www.tabacfigueres.com\/ca\/wp-json\/wp\/v2\/pages\/536\/revisions\/782"}],"wp:featuredmedia":[{"embeddable":true,"href":"https:\/\/www.tabacfigueres.com\/ca\/wp-json\/wp\/v2\/media\/532"}],"wp:attachment":[{"href":"https:\/\/www.tabacfigueres.com\/ca\/wp-json\/wp\/v2\/media?parent=536"}],"curies":[{"name":"wp","href":"https:\/\/api.w.org\/{rel}","templated":true}]}}