{"id":599,"date":"2021-02-01T15:46:00","date_gmt":"2021-02-01T15:46:00","guid":{"rendered":"https:\/\/www.tabacfigueres.com\/politica-de-privacitat\/"},"modified":"2021-02-01T15:46:07","modified_gmt":"2021-02-01T15:46:07","slug":"politica-de-privacitat","status":"publish","type":"page","link":"https:\/\/www.tabacfigueres.com\/ca\/politica-de-privacitat\/","title":{"rendered":"Pol\u00edtica de privacitat"},"content":{"rendered":"\n<p class=\"has-black-color has-text-color\"><strong>Reglament RGPD 2016\/679<\/strong><\/p>\n\n<p>SANDRA PADROSA CERVERA<br\/>AVDA. MARIGNANE, 28 &#8211; 17600 FIGUERES &#8211; (GIRONA)<br\/>972 50 57 07<br\/><a href=\"http:\/\/www.tabacfigueres.com\/\" target=\"_blank\" rel=\"noreferrer noopener\">http:\/\/www.tabacfigueres.com<\/a><\/p>\n\n<p class=\"has-black-color has-text-color\"><strong>1. Termes d\u2019\u00fas<\/strong><br\/><strong>2. Pol\u00edtica de Privacitat<\/strong><br\/><strong>3. Drets de Propietat Intel\u00b7lectual i Industrial<\/strong><br\/><strong>4. Pol\u00edtica de cookies<\/strong><br\/><strong>5. Jurisdicci\u00f3 i fur aplicable<\/strong><\/p>\n\n<p>La present informaci\u00f3 legal regula l&#8217;\u00fas del servei de la web [<a href=\"http:\/\/www.tabacfigueres.com\/\" target=\"_blank\" rel=\"noreferrer noopener\">www.tabacfigueres.com<\/a>] que [SANDRA PADROSA CERVERA] posa a disposici\u00f3 dels usuaris d&#8217;Internet.<br\/>L\u2019\u00fas de la web atribueix la condici\u00f3 d&#8217;usuari del Portal (en endavant, l\u2019 &#8216;Usuari&#8217;) i implica l&#8217;acceptaci\u00f3 plena i sense reserves de totes i cadascuna de les disposicions incloses en aquest Av\u00eds Legal en la versi\u00f3 publicada per [SANDRA PADROSA CERVERA] , en el mateix moment en qu\u00e8 l&#8217;Usuari accedeixi al Portal. En conseq\u00fc\u00e8ncia, l&#8217;Usuari ha de llegir atentament el present text en cadascuna de les ocasions en qu\u00e8 es proposi utilitzar el Portal, ja que aquest pot patir modificacions.<\/p>\n\n<h4 class=\"wp-block-heading\"><strong>1. TERMES D\u2019\u00daS<\/strong><\/h4>\n\n<p>SANDRA PADROSA CERVERA \u00e9s la societat titular de la web [<a href=\"http:\/\/www.tabacfigueres.com\/\" target=\"_blank\" rel=\"noreferrer noopener\">www.tabacfigueres.com<\/a>] aix\u00ed com del domini [tabacfigueres .com], entre altres.<br\/>SANDRA PADROSA CERVERA declina qualsevol responsabilitat respecte a la informaci\u00f3 que es trobi fora d&#8217;aquest web i no estigui gestionat directament pel nostre webmaster.<br\/>SANDRA PADROSA CERVERA es reserva el dret a portar a terme el desenvolupament, modificaci\u00f3, exclusi\u00f3 o inclusi\u00f3 de textos o imatges en el desenvolupament de les seves p\u00e0gines web.<\/p>\n\n<h4 class=\"wp-block-heading\"><strong>2. POL\u00cdTICA DE PRIVACITAT<\/strong><\/h4>\n\n<p>El Titular garanteix el compliment del que disposa el Reglament (UE) 2016\/679 del Parlament Europeu i del Consell de 27 d&#8217;abril de 2016 relatiu a la protecci\u00f3 de les persones f\u00edsiques pel que fa al tractament de dades personals i a la lliure circulaci\u00f3 d&#8217;aquestes dades.<\/p>\n\n<p>Quan li siguin sol\u00b7licitades dades personals a trav\u00e9s del present lloc web, l&#8217;Usuari els incorporar\u00e0 volunt\u00e0riament, i ser\u00e0 degudament informat de la identitat del sol\u00b7licitant, les finalitats de la sol\u00b7licitud, legitimaci\u00f3 per al tractament de les dades, aix\u00ed com de la possibilitat i procediment per exercir els seus drets d&#8217;acord amb el que disposa el Reglament (UE) 2016\/679.<\/p>\n\n<p>L&#8217;Usuari garanteix que les dades personals facilitades s\u00f3n vertaderes i es fa responsable de comunicar a SANDRA PADROSA CERVERA qualsevol modificaci\u00f3 de les mateixes amb l&#8217;objectiu de mantenir les dades actualitzades. SANDRA PADROSA CERVERA es reserva el dret a excloure dels serveis a tot Usuari que hagi facilitat dades falses, sense perjudici de les altres accions que procedeixin en Dret.<\/p>\n\n<p>L&#8217;emplenament de totes les dades sol\u00b7licitades \u00e9s necess\u00e0ria per aconseguir l&#8217;\u00e8xit dels serveis posats a disposici\u00f3 de l&#8217;usuari en el present lloc web. En el cas de no facilitar totes les dades o ser aquestes inexactes, SANDRA PADROSA CERVERA no garanteix que els serveis puguin prestar-se correctament o s&#8217;ajustin a les necessitats de l&#8217;Usuari.<\/p>\n\n<p>SANDRA PADROSA CERVERA es compromet a demanar les dades que siguin estrictament necess\u00e0ries per dur a terme el servei demandat per l&#8217;Usuari en cada cas, sense els quals no seria possible gestionar la prestaci\u00f3. Aix\u00ed mateix SANDRA PADROSA CERVERA es compromet a complir amb el deure de secret i confidencialitat respecte de les dades personals proporcionades per l&#8217;Usuari d&#8217;acord amb la legislaci\u00f3 aplicable.<\/p>\n\n<p>Si t\u00e9 alguna pregunta sobre la nostra Pol\u00edtica de Privacitat, preguem que es posi en contacte amb nosaltres enviant un correu electr\u00f2nic a <a href=\"mailto:exp_n8@tabacfigueres.com\">exp_n8@tabacfigueres.com<\/a>. Aix\u00ed mateix, se l&#8217;informa de la possibilitat de posar en coneixement a l&#8217;Ag\u00e8ncia Espanyola de Protecci\u00f3 de Dades qualsevol incid\u00e8ncia sobre el tractament de les seves dades. L&#8217;Ag\u00e8ncia Espanyola de Protecci\u00f3 de Dades t\u00e9 la funci\u00f3 de vetllar pel compliment de la legislaci\u00f3 i controlar la seva aplicaci\u00f3. Pot posar-se en contacte amb l&#8217;Ag\u00e8ncia Espanyola de Protecci\u00f3 de Dades a trav\u00e9s de l&#8217;adre\u00e7a web www.agpd.es o mitjan\u00e7ant el tel\u00e8fon 912 66 35 17.<\/p>\n\n<h4 class=\"wp-block-heading\"><strong>3. DRETS DE PROPIETAT INTEL\u00b7LECTUAL I INDUSTRIAL<\/strong><\/h4>\n\n<p>Tots els continguts del web (incloent, sense car\u00e0cter limitatiu: bases de dades, imatges, dibuixos, gr\u00e0fics, arxius de text, \u00e0udio, v\u00eddeo i programari) s\u00f3n propietat de SANDRA PADROSA CERVERA i estan protegits per les normes nacionals o internacionals de propietat intel\u00b7lectual i industrial.<\/p>\n\n<p>Les marques, r\u00e8tols, signes distintius o logotips de SANDRA PADROSA CERVERA que apareixen al web s\u00f3n titularitat de la mateixa entitat i com a tal, estan degudament registrats.<\/p>\n\n<p>Tots els textos, dibuixos gr\u00e0fics, v\u00eddeos o suports d&#8217;\u00e0udio, propietat de SANDRA PADROSA CERVERA no podran ser objecte d&#8217;ulterior modificaci\u00f3, c\u00f2pia, alteraci\u00f3, reproducci\u00f3, adaptaci\u00f3 o traducci\u00f3 per part de l&#8217;Usuari o de tercers sense l&#8217;expressa autoritzaci\u00f3 per part de SANDRA PADROSA CERVERA, llevat que s&#8217;indiqui el contrari.<\/p>\n\n<h4 class=\"wp-block-heading\"><strong>4. POL\u00cdTICA DE COOKIES<\/strong><\/h4>\n\n<p>\u00bfQu\u00e8 s\u00f3n les cookies?<br\/>Una cookie \u00e9s un fitxer que es descarrega al seu ordinador en accedir a determinades p\u00e0gines web. Les cookies permeten a una p\u00e0gina web, entre altres coses, emmagatzemar i recuperar informaci\u00f3 sobre els h\u00e0bits de navegaci\u00f3 d&#8217;un usuari o del seu equip i, depenent de la informaci\u00f3 que continguin i de la forma en qu\u00e8 utilitzi el seu equip, es poden utilitzar per recon\u00e8ixer a l&#8217;usuari.<\/p>\n\n<p>\u00bfQuin tipus de cookies utilitzen en aquesta p\u00e0gina web?<br\/>Cookie: is_returning<br\/>Tipus: an\u00e0lisi<br\/>Finalitat: Recollida de dades estad\u00edstiques per CrazyEgg (exemple) <\/p>\n\n<p>\u2022 Cookies d\u2019an\u00e0lisi: S\u00f3n aquelles que ben tractades per nosaltres o per tercers, ens permeten quantificar el nombre d&#8217;usuaris i aix\u00ed realitzar el mesurament i an\u00e0lisi estad\u00edstic de l\u2019\u00fas que fan els usuaris del servei ofert. Per aix\u00f2 s&#8217;analitza la seva navegaci\u00f3 a la nostra p\u00e0gina web amb la finalitat de millorar l&#8217;oferta de productes o serveis que li oferim.<\/p>\n\n<p>\u2022 Cookies de sistema: Son aquelles que utilitza<br\/>website per al correcte funcionament del mateix. Les cookies pr\u00f2pies de la web s\u00f3n tractades \u00fanicament per SANDRA PADROSA CERVERA. Pel que fa a la utilitzaci\u00f3 de cookies per tercers consulti en aquest enlla\u00e7 on pot accedir a la pol\u00edtica de privacitat d&#8217;aquests serveis de Google.<\/p>\n\n<p>\u2022 Desactivaci\u00f3 o eliminaci\u00f3 de cookies: Vost\u00e8 pot permetre, bloquejar o eliminar les cookies instal\u00b7lades en el seu equip mitjan\u00e7ant la configuraci\u00f3 de les opcions del navegador en el seu ordinador.<\/p>\n\n<p>\u2022 Per m\u00e9s informaci\u00f3 sobre el navegador Firefox <a href=\"https:\/\/support.mozilla.org\/es\/kb\/cookies-informacion-que-los-sitios-web-guardan-en-\" target=\"_blank\" rel=\"noreferrer noopener\">aqu\u00ed<\/a>.<br\/>\u2022 Per m\u00e9s informaci\u00f3 sobre el navegador Chrome <a href=\"https:\/\/support.google.com\/chrome\/answer\/95647?hl=es\" target=\"_blank\" rel=\"noreferrer noopener\">aqu\u00ed<\/a>.<br\/>\u2022 Per m\u00e9s informaci\u00f3 sobre el navegador Explorer <a href=\"https:\/\/support.microsoft.com\/es-es\/help\/17442\/windows-internet-explorer-delete-manage-cookies#ie=ie-11\" target=\"_blank\" rel=\"noreferrer noopener\">aqu\u00ed<\/a>.<br\/>\u2022 Per m\u00e9s informaci\u00f3 sobre el navegador Safari <a href=\"https:\/\/support.apple.com\/es-es\/HT201265\" target=\"_blank\" rel=\"noreferrer noopener\">aqu\u00ed<\/a>.<br\/>\u2022 Per m\u00e9s informaci\u00f3 sobre el navegador Opera <a href=\"https:\/\/help.opera.com\/es\/Mac\/12.10\/es-LA\/cookies.html\" target=\"_blank\" rel=\"noreferrer noopener\">aqu\u00ed<\/a>.<\/p>\n\n<p>L&#8217;Usuari accepta expressament, per l\u2019\u00fas d&#8217;aquest Site, el tractament de la informaci\u00f3 recollida en la forma i amb les finalitats anteriorment esmentades. I aix\u00ed mateix reconeix con\u00e8ixer la possibilitat de rebutjar el tractament d&#8217;aquestes dades o informaci\u00f3 rebutjant l&#8217;\u00fas de Cookies mitjan\u00e7ant la selecci\u00f3 de la configuraci\u00f3 apropiada a tal fi al seu navegador. Si b\u00e9 aquesta opci\u00f3 de bloqueig de Cookies en el seu navegador pot no permetre-li l&#8217;\u00fas ple de totes les funcionalitats de la p\u00e0gina web.<\/p>\n\n<h4 class=\"wp-block-heading\"><strong>5. JURISDICCI\u00d3 I FUR APLICABLE<\/strong><\/h4>\n\n<p>En compliment del que preveu l&#8217;art. 10 de la Llei 34\/2002, d\u201911 de juliol, Serveis de la Societat de la Informaci\u00f3 i Comer\u00e7 Electr\u00f2nic es posa de manifest que l&#8217;empresa SANDRA PADROSA CERVERA, CIF 40447930S, Inscrita en el Registre Mercantil de _________ tom _____, Foli ___, Full ________, i \u00e9s titular del domini d&#8217;internet &#8220;www ._________&#8221;, amb domicili a AVDA. MARIGNANE, 28 &#8211; 17600 FIGUERES &#8211; (GIRONA). Els conflictes que puguin sorgir per l&#8217;aplicaci\u00f3 de les presents normes es regularan per les lleis d&#8217;Espanya i seran resolts pels jutjats i tribunals que corresponguin segons la jurisdicci\u00f3 territorial del domicili social de la Companyia o grup.<\/p>\n","protected":false},"excerpt":{"rendered":"<p>Reglament RGPD 2016\/679 SANDRA PADROSA CERVERAAVDA. MARIGNANE, 28 &#8211; 17600 FIGUERES &#8211; (GIRONA)972 50 57 07http:\/\/www.tabacfigueres.com 1. Termes d\u2019\u00fas2. Pol\u00edtica de Privacitat3. Drets de Propietat&hellip;<\/p>\n","protected":false},"author":1,"featured_media":581,"parent":0,"menu_order":0,"comment_status":"closed","ping_status":"open","template":"","meta":{"_exactmetrics_skip_tracking":false,"_exactmetrics_sitenote_active":false,"_exactmetrics_sitenote_note":"","_exactmetrics_sitenote_category":0,"footnotes":""},"class_list":["post-599","page","type-page","status-publish","has-post-thumbnail","hentry"],"yoast_head":"<!-- This site is optimized with the Yoast SEO plugin v21.7 - https:\/\/yoast.com\/wordpress\/plugins\/seo\/ -->\n<title>Pol\u00edtica de privacitat - Tabac n. 8 Figueres - Loteria Nacional la primitiva Euromili\u00f3 la Quiniela<\/title>\n<meta name=\"robots\" content=\"index, follow, max-snippet:-1, max-image-preview:large, max-video-preview:-1\" \/>\n<link rel=\"canonical\" href=\"https:\/\/www.tabacfigueres.com\/ca\/politica-de-privacitat\/\" \/>\n<meta property=\"og:locale\" content=\"ca_ES\" \/>\n<meta property=\"og:type\" content=\"article\" \/>\n<meta property=\"og:title\" content=\"Pol\u00edtica de privacitat - Tabac n. 8 Figueres - Loteria Nacional la primitiva Euromili\u00f3 la Quiniela\" \/>\n<meta property=\"og:description\" content=\"Reglament RGPD 2016\/679 SANDRA PADROSA CERVERAAVDA. MARIGNANE, 28 &#8211; 17600 FIGUERES &#8211; (GIRONA)972 50 57 07http:\/\/www.tabacfigueres.com 1. Termes d\u2019\u00fas2. Pol\u00edtica de Privacitat3. Drets de Propietat&hellip;\" \/>\n<meta property=\"og:url\" content=\"https:\/\/www.tabacfigueres.com\/ca\/politica-de-privacitat\/\" \/>\n<meta property=\"og:site_name\" content=\"Tabac n. 8 Figueres - Loteria Nacional la primitiva Euromili\u00f3 la Quiniela\" \/>\n<meta property=\"article:modified_time\" content=\"2021-02-01T15:46:07+00:00\" \/>\n<meta property=\"og:image\" content=\"https:\/\/www.tabacfigueres.com\/wp-content\/uploads\/2021\/01\/slider_04.jpg\" \/>\n\t<meta property=\"og:image:width\" content=\"1900\" \/>\n\t<meta property=\"og:image:height\" content=\"700\" \/>\n\t<meta property=\"og:image:type\" content=\"image\/jpeg\" \/>\n<meta name=\"twitter:card\" content=\"summary_large_image\" \/>\n<meta name=\"twitter:label1\" content=\"Temps estimat de lectura\" \/>\n\t<meta name=\"twitter:data1\" content=\"6 minuts\" \/>\n<script type=\"application\/ld+json\" class=\"yoast-schema-graph\">{\"@context\":\"https:\/\/schema.org\",\"@graph\":[{\"@type\":\"WebPage\",\"@id\":\"https:\/\/www.tabacfigueres.com\/ca\/politica-de-privacitat\/\",\"url\":\"https:\/\/www.tabacfigueres.com\/ca\/politica-de-privacitat\/\",\"name\":\"Pol\u00edtica de privacitat - Tabac n. 8 Figueres - Loteria Nacional la primitiva Euromili\u00f3 la Quiniela\",\"isPartOf\":{\"@id\":\"https:\/\/www.tabacfigueres.com\/ca\/#website\"},\"datePublished\":\"2021-02-01T15:46:00+00:00\",\"dateModified\":\"2021-02-01T15:46:07+00:00\",\"breadcrumb\":{\"@id\":\"https:\/\/www.tabacfigueres.com\/ca\/politica-de-privacitat\/#breadcrumb\"},\"inLanguage\":\"ca\",\"potentialAction\":[{\"@type\":\"ReadAction\",\"target\":[\"https:\/\/www.tabacfigueres.com\/ca\/politica-de-privacitat\/\"]}]},{\"@type\":\"BreadcrumbList\",\"@id\":\"https:\/\/www.tabacfigueres.com\/ca\/politica-de-privacitat\/#breadcrumb\",\"itemListElement\":[{\"@type\":\"ListItem\",\"position\":1,\"name\":\"Portada\",\"item\":\"https:\/\/www.tabacfigueres.com\/ca\/\"},{\"@type\":\"ListItem\",\"position\":2,\"name\":\"Pol\u00edtica de privacitat\"}]},{\"@type\":\"WebSite\",\"@id\":\"https:\/\/www.tabacfigueres.com\/ca\/#website\",\"url\":\"https:\/\/www.tabacfigueres.com\/ca\/\",\"name\":\"Tabac n. 8 Figueres - Loteria Nacional la primitiva Euromili\u00f3 la Quiniela\",\"description\":\"Al nostre estanc a Figueres podr\u00e0s trobar tots els articles pel fumador, on destaca la nostra gran selecci\u00f3 de cigars Havans i tabacs de primera qualitat. Tamb\u00e9 productes de papereria, llibreria.\",\"publisher\":{\"@id\":\"https:\/\/www.tabacfigueres.com\/ca\/#organization\"},\"potentialAction\":[{\"@type\":\"SearchAction\",\"target\":{\"@type\":\"EntryPoint\",\"urlTemplate\":\"https:\/\/www.tabacfigueres.com\/ca\/?s={search_term_string}\"},\"query-input\":\"required name=search_term_string\"}],\"inLanguage\":\"ca\"},{\"@type\":\"Organization\",\"@id\":\"https:\/\/www.tabacfigueres.com\/ca\/#organization\",\"name\":\"Estanc n8 Figueres\",\"url\":\"https:\/\/www.tabacfigueres.com\/ca\/\",\"logo\":{\"@type\":\"ImageObject\",\"inLanguage\":\"ca\",\"@id\":\"https:\/\/www.tabacfigueres.com\/ca\/#\/schema\/logo\/image\/\",\"url\":\"https:\/\/www.tabacfigueres.com\/wp-content\/uploads\/2021\/01\/logo.png\",\"contentUrl\":\"https:\/\/www.tabacfigueres.com\/wp-content\/uploads\/2021\/01\/logo.png\",\"width\":250,\"height\":76,\"caption\":\"Estanc n8 Figueres\"},\"image\":{\"@id\":\"https:\/\/www.tabacfigueres.com\/ca\/#\/schema\/logo\/image\/\"}}]}<\/script>\n<!-- \/ Yoast SEO plugin. -->","yoast_head_json":{"title":"Pol\u00edtica de privacitat - Tabac n. 8 Figueres - Loteria Nacional la primitiva Euromili\u00f3 la Quiniela","robots":{"index":"index","follow":"follow","max-snippet":"max-snippet:-1","max-image-preview":"max-image-preview:large","max-video-preview":"max-video-preview:-1"},"canonical":"https:\/\/www.tabacfigueres.com\/ca\/politica-de-privacitat\/","og_locale":"ca_ES","og_type":"article","og_title":"Pol\u00edtica de privacitat - Tabac n. 8 Figueres - Loteria Nacional la primitiva Euromili\u00f3 la Quiniela","og_description":"Reglament RGPD 2016\/679 SANDRA PADROSA CERVERAAVDA. MARIGNANE, 28 &#8211; 17600 FIGUERES &#8211; (GIRONA)972 50 57 07http:\/\/www.tabacfigueres.com 1. Termes d\u2019\u00fas2. Pol\u00edtica de Privacitat3. Drets de Propietat&hellip;","og_url":"https:\/\/www.tabacfigueres.com\/ca\/politica-de-privacitat\/","og_site_name":"Tabac n. 8 Figueres - Loteria Nacional la primitiva Euromili\u00f3 la Quiniela","article_modified_time":"2021-02-01T15:46:07+00:00","og_image":[{"width":1900,"height":700,"url":"https:\/\/www.tabacfigueres.com\/wp-content\/uploads\/2021\/01\/slider_04.jpg","type":"image\/jpeg"}],"twitter_card":"summary_large_image","twitter_misc":{"Temps estimat de lectura":"6 minuts"},"schema":{"@context":"https:\/\/schema.org","@graph":[{"@type":"WebPage","@id":"https:\/\/www.tabacfigueres.com\/ca\/politica-de-privacitat\/","url":"https:\/\/www.tabacfigueres.com\/ca\/politica-de-privacitat\/","name":"Pol\u00edtica de privacitat - Tabac n. 8 Figueres - Loteria Nacional la primitiva Euromili\u00f3 la Quiniela","isPartOf":{"@id":"https:\/\/www.tabacfigueres.com\/ca\/#website"},"datePublished":"2021-02-01T15:46:00+00:00","dateModified":"2021-02-01T15:46:07+00:00","breadcrumb":{"@id":"https:\/\/www.tabacfigueres.com\/ca\/politica-de-privacitat\/#breadcrumb"},"inLanguage":"ca","potentialAction":[{"@type":"ReadAction","target":["https:\/\/www.tabacfigueres.com\/ca\/politica-de-privacitat\/"]}]},{"@type":"BreadcrumbList","@id":"https:\/\/www.tabacfigueres.com\/ca\/politica-de-privacitat\/#breadcrumb","itemListElement":[{"@type":"ListItem","position":1,"name":"Portada","item":"https:\/\/www.tabacfigueres.com\/ca\/"},{"@type":"ListItem","position":2,"name":"Pol\u00edtica de privacitat"}]},{"@type":"WebSite","@id":"https:\/\/www.tabacfigueres.com\/ca\/#website","url":"https:\/\/www.tabacfigueres.com\/ca\/","name":"Tabac n. 8 Figueres - Loteria Nacional la primitiva Euromili\u00f3 la Quiniela","description":"Al nostre estanc a Figueres podr\u00e0s trobar tots els articles pel fumador, on destaca la nostra gran selecci\u00f3 de cigars Havans i tabacs de primera qualitat. Tamb\u00e9 productes de papereria, llibreria.","publisher":{"@id":"https:\/\/www.tabacfigueres.com\/ca\/#organization"},"potentialAction":[{"@type":"SearchAction","target":{"@type":"EntryPoint","urlTemplate":"https:\/\/www.tabacfigueres.com\/ca\/?s={search_term_string}"},"query-input":"required name=search_term_string"}],"inLanguage":"ca"},{"@type":"Organization","@id":"https:\/\/www.tabacfigueres.com\/ca\/#organization","name":"Estanc n8 Figueres","url":"https:\/\/www.tabacfigueres.com\/ca\/","logo":{"@type":"ImageObject","inLanguage":"ca","@id":"https:\/\/www.tabacfigueres.com\/ca\/#\/schema\/logo\/image\/","url":"https:\/\/www.tabacfigueres.com\/wp-content\/uploads\/2021\/01\/logo.png","contentUrl":"https:\/\/www.tabacfigueres.com\/wp-content\/uploads\/2021\/01\/logo.png","width":250,"height":76,"caption":"Estanc n8 Figueres"},"image":{"@id":"https:\/\/www.tabacfigueres.com\/ca\/#\/schema\/logo\/image\/"}}]}},"_links":{"self":[{"href":"https:\/\/www.tabacfigueres.com\/ca\/wp-json\/wp\/v2\/pages\/599","targetHints":{"allow":["GET"]}}],"collection":[{"href":"https:\/\/www.tabacfigueres.com\/ca\/wp-json\/wp\/v2\/pages"}],"about":[{"href":"https:\/\/www.tabacfigueres.com\/ca\/wp-json\/wp\/v2\/types\/page"}],"author":[{"embeddable":true,"href":"https:\/\/www.tabacfigueres.com\/ca\/wp-json\/wp\/v2\/users\/1"}],"replies":[{"embeddable":true,"href":"https:\/\/www.tabacfigueres.com\/ca\/wp-json\/wp\/v2\/comments?post=599"}],"version-history":[{"count":3,"href":"https:\/\/www.tabacfigueres.com\/ca\/wp-json\/wp\/v2\/pages\/599\/revisions"}],"predecessor-version":[{"id":602,"href":"https:\/\/www.tabacfigueres.com\/ca\/wp-json\/wp\/v2\/pages\/599\/revisions\/602"}],"wp:featuredmedia":[{"embeddable":true,"href":"https:\/\/www.tabacfigueres.com\/ca\/wp-json\/wp\/v2\/media\/581"}],"wp:attachment":[{"href":"https:\/\/www.tabacfigueres.com\/ca\/wp-json\/wp\/v2\/media?parent=599"}],"curies":[{"name":"wp","href":"https:\/\/api.w.org\/{rel}","templated":true}]}}