{"id":551,"date":"2019-01-16T13:01:55","date_gmt":"2019-01-16T13:01:55","guid":{"rendered":"https:\/\/www.tabacfigueres.com\/producto\/catximba-aladin-alux\/"},"modified":"2019-01-16T13:01:55","modified_gmt":"2019-01-16T13:01:55","slug":"catximba-aladin-alux","status":"publish","type":"product","link":"https:\/\/www.tabacfigueres.com\/ca\/productes\/articles-fumador\/catximbes\/catximba-aladin-alux\/","title":{"rendered":"Catximba Aladin Alux"},"content":{"rendered":"<p>Aladin ens presenta aquest model amb bases de colors cridaners.<\/p>\n","protected":false},"excerpt":{"rendered":"<p>La Shisha Alux Prima Mystic Green \u00e9s un dels models m\u00e9s innovadors de la marca Aladin. Est\u00e0 est\u00e0 fabricada amb els millors materials. Feta en alumini, aquest model assegura un rendiment perfecte. A m\u00e9s t\u00e9 una gran resist\u00e8ncia a l&#8217;desgast.<\/p>\n<p><strong>Caracter\u00edstiques:<\/strong><br \/>\n&#8211; Cambra tradicional<br \/>\n&#8211; 45 cm d&#8217;al\u00e7ada aproximada.<br \/>\n&#8211; 1,800 kg de pes.<br \/>\n&#8211; Difusor regulable<br \/>\n&#8211; Tancament clic<\/p>\n","protected":false},"featured_media":553,"comment_status":"closed","ping_status":"closed","template":"","meta":{"_exactmetrics_skip_tracking":false,"_exactmetrics_sitenote_active":false,"_exactmetrics_sitenote_note":"","_exactmetrics_sitenote_category":0},"product_cat":[51,53],"product_tag":[],"class_list":{"0":"post-551","1":"product","2":"type-product","3":"status-publish","4":"has-post-thumbnail","6":"product_cat-articles-fumador","7":"product_cat-catximbes","9":"first","10":"instock","11":"featured","12":"shipping-taxable","13":"purchasable","14":"product-type-simple","15":"customify-col"},"yoast_head":"<!-- This site is optimized with the Yoast SEO plugin v21.7 - https:\/\/yoast.com\/wordpress\/plugins\/seo\/ -->\n<title>Catximba Aladin Alux - Tabac n. 8 Figueres - Loteria Nacional la primitiva Euromili\u00f3 la Quiniela<\/title>\n<meta name=\"robots\" content=\"index, follow, max-snippet:-1, max-image-preview:large, max-video-preview:-1\" \/>\n<link rel=\"canonical\" href=\"https:\/\/www.tabacfigueres.com\/ca\/productes\/articles-fumador\/catximbes\/catximba-aladin-alux\/\" \/>\n<meta property=\"og:locale\" content=\"ca_ES\" \/>\n<meta property=\"og:type\" content=\"article\" \/>\n<meta property=\"og:title\" content=\"Catximba Aladin Alux - Tabac n. 8 Figueres - Loteria Nacional la primitiva Euromili\u00f3 la Quiniela\" \/>\n<meta property=\"og:description\" content=\"La Shisha Alux Prima Mystic Green \u00e9s un dels models m\u00e9s innovadors de la marca Aladin. Est\u00e0 est\u00e0 fabricada amb els millors materials. Feta en alumini, aquest model assegura un rendiment perfecte. A m\u00e9s t\u00e9 una gran resist\u00e8ncia a l&#039;desgast.  Caracter\u00edstiques: - Cambra tradicional - 45 cm d&#039;al\u00e7ada aproximada. - 1,800 kg de pes. - Difusor regulable - Tancament clic\" \/>\n<meta property=\"og:url\" content=\"https:\/\/www.tabacfigueres.com\/ca\/productes\/articles-fumador\/catximbes\/catximba-aladin-alux\/\" \/>\n<meta property=\"og:site_name\" content=\"Tabac n. 8 Figueres - Loteria Nacional la primitiva Euromili\u00f3 la Quiniela\" \/>\n<meta property=\"og:image\" content=\"https:\/\/www.tabacfigueres.com\/wp-content\/uploads\/2019\/01\/cachimba-alux-01.jpg\" \/>\n\t<meta property=\"og:image:width\" content=\"1024\" \/>\n\t<meta property=\"og:image:height\" content=\"768\" \/>\n\t<meta property=\"og:image:type\" content=\"image\/jpeg\" \/>\n<meta name=\"twitter:card\" content=\"summary_large_image\" \/>\n<script type=\"application\/ld+json\" class=\"yoast-schema-graph\">{\"@context\":\"https:\/\/schema.org\",\"@graph\":[{\"@type\":\"WebPage\",\"@id\":\"https:\/\/www.tabacfigueres.com\/ca\/productes\/articles-fumador\/catximbes\/catximba-aladin-alux\/\",\"url\":\"https:\/\/www.tabacfigueres.com\/ca\/productes\/articles-fumador\/catximbes\/catximba-aladin-alux\/\",\"name\":\"Catximba Aladin Alux - Tabac n. 8 Figueres - Loteria Nacional la primitiva Euromili\u00f3 la Quiniela\",\"isPartOf\":{\"@id\":\"https:\/\/www.tabacfigueres.com\/ca\/#website\"},\"datePublished\":\"2019-01-16T13:01:55+00:00\",\"dateModified\":\"2019-01-16T13:01:55+00:00\",\"breadcrumb\":{\"@id\":\"https:\/\/www.tabacfigueres.com\/ca\/productes\/articles-fumador\/catximbes\/catximba-aladin-alux\/#breadcrumb\"},\"inLanguage\":\"ca\",\"potentialAction\":[{\"@type\":\"ReadAction\",\"target\":[\"https:\/\/www.tabacfigueres.com\/ca\/productes\/articles-fumador\/catximbes\/catximba-aladin-alux\/\"]}]},{\"@type\":\"BreadcrumbList\",\"@id\":\"https:\/\/www.tabacfigueres.com\/ca\/productes\/articles-fumador\/catximbes\/catximba-aladin-alux\/#breadcrumb\",\"itemListElement\":[{\"@type\":\"ListItem\",\"position\":1,\"name\":\"Portada\",\"item\":\"https:\/\/www.tabacfigueres.com\/ca\/\"},{\"@type\":\"ListItem\",\"position\":2,\"name\":\"Productos\",\"item\":\"https:\/\/www.tabacfigueres.com\/productos\/\"},{\"@type\":\"ListItem\",\"position\":3,\"name\":\"Catximba Aladin Alux\"}]},{\"@type\":\"WebSite\",\"@id\":\"https:\/\/www.tabacfigueres.com\/ca\/#website\",\"url\":\"https:\/\/www.tabacfigueres.com\/ca\/\",\"name\":\"Tabac n. 8 Figueres - Loteria Nacional la primitiva Euromili\u00f3 la Quiniela\",\"description\":\"Al nostre estanc a Figueres podr\u00e0s trobar tots els articles pel fumador, on destaca la nostra gran selecci\u00f3 de cigars Havans i tabacs de primera qualitat. Tamb\u00e9 productes de papereria, llibreria.\",\"publisher\":{\"@id\":\"https:\/\/www.tabacfigueres.com\/ca\/#organization\"},\"potentialAction\":[{\"@type\":\"SearchAction\",\"target\":{\"@type\":\"EntryPoint\",\"urlTemplate\":\"https:\/\/www.tabacfigueres.com\/ca\/?s={search_term_string}\"},\"query-input\":\"required name=search_term_string\"}],\"inLanguage\":\"ca\"},{\"@type\":\"Organization\",\"@id\":\"https:\/\/www.tabacfigueres.com\/ca\/#organization\",\"name\":\"Estanc n8 Figueres\",\"url\":\"https:\/\/www.tabacfigueres.com\/ca\/\",\"logo\":{\"@type\":\"ImageObject\",\"inLanguage\":\"ca\",\"@id\":\"https:\/\/www.tabacfigueres.com\/ca\/#\/schema\/logo\/image\/\",\"url\":\"https:\/\/www.tabacfigueres.com\/wp-content\/uploads\/2021\/01\/logo.png\",\"contentUrl\":\"https:\/\/www.tabacfigueres.com\/wp-content\/uploads\/2021\/01\/logo.png\",\"width\":250,\"height\":76,\"caption\":\"Estanc n8 Figueres\"},\"image\":{\"@id\":\"https:\/\/www.tabacfigueres.com\/ca\/#\/schema\/logo\/image\/\"}}]}<\/script>\n<!-- \/ Yoast SEO plugin. -->","yoast_head_json":{"title":"Catximba Aladin Alux - Tabac n. 8 Figueres - Loteria Nacional la primitiva Euromili\u00f3 la Quiniela","robots":{"index":"index","follow":"follow","max-snippet":"max-snippet:-1","max-image-preview":"max-image-preview:large","max-video-preview":"max-video-preview:-1"},"canonical":"https:\/\/www.tabacfigueres.com\/ca\/productes\/articles-fumador\/catximbes\/catximba-aladin-alux\/","og_locale":"ca_ES","og_type":"article","og_title":"Catximba Aladin Alux - Tabac n. 8 Figueres - Loteria Nacional la primitiva Euromili\u00f3 la Quiniela","og_description":"La Shisha Alux Prima Mystic Green \u00e9s un dels models m\u00e9s innovadors de la marca Aladin. Est\u00e0 est\u00e0 fabricada amb els millors materials. Feta en alumini, aquest model assegura un rendiment perfecte. A m\u00e9s t\u00e9 una gran resist\u00e8ncia a l'desgast.  Caracter\u00edstiques: - Cambra tradicional - 45 cm d'al\u00e7ada aproximada. - 1,800 kg de pes. - Difusor regulable - Tancament clic","og_url":"https:\/\/www.tabacfigueres.com\/ca\/productes\/articles-fumador\/catximbes\/catximba-aladin-alux\/","og_site_name":"Tabac n. 8 Figueres - Loteria Nacional la primitiva Euromili\u00f3 la Quiniela","og_image":[{"width":1024,"height":768,"url":"https:\/\/www.tabacfigueres.com\/wp-content\/uploads\/2019\/01\/cachimba-alux-01.jpg","type":"image\/jpeg"}],"twitter_card":"summary_large_image","schema":{"@context":"https:\/\/schema.org","@graph":[{"@type":"WebPage","@id":"https:\/\/www.tabacfigueres.com\/ca\/productes\/articles-fumador\/catximbes\/catximba-aladin-alux\/","url":"https:\/\/www.tabacfigueres.com\/ca\/productes\/articles-fumador\/catximbes\/catximba-aladin-alux\/","name":"Catximba Aladin Alux - Tabac n. 8 Figueres - Loteria Nacional la primitiva Euromili\u00f3 la Quiniela","isPartOf":{"@id":"https:\/\/www.tabacfigueres.com\/ca\/#website"},"datePublished":"2019-01-16T13:01:55+00:00","dateModified":"2019-01-16T13:01:55+00:00","breadcrumb":{"@id":"https:\/\/www.tabacfigueres.com\/ca\/productes\/articles-fumador\/catximbes\/catximba-aladin-alux\/#breadcrumb"},"inLanguage":"ca","potentialAction":[{"@type":"ReadAction","target":["https:\/\/www.tabacfigueres.com\/ca\/productes\/articles-fumador\/catximbes\/catximba-aladin-alux\/"]}]},{"@type":"BreadcrumbList","@id":"https:\/\/www.tabacfigueres.com\/ca\/productes\/articles-fumador\/catximbes\/catximba-aladin-alux\/#breadcrumb","itemListElement":[{"@type":"ListItem","position":1,"name":"Portada","item":"https:\/\/www.tabacfigueres.com\/ca\/"},{"@type":"ListItem","position":2,"name":"Productos","item":"https:\/\/www.tabacfigueres.com\/productos\/"},{"@type":"ListItem","position":3,"name":"Catximba Aladin Alux"}]},{"@type":"WebSite","@id":"https:\/\/www.tabacfigueres.com\/ca\/#website","url":"https:\/\/www.tabacfigueres.com\/ca\/","name":"Tabac n. 8 Figueres - Loteria Nacional la primitiva Euromili\u00f3 la Quiniela","description":"Al nostre estanc a Figueres podr\u00e0s trobar tots els articles pel fumador, on destaca la nostra gran selecci\u00f3 de cigars Havans i tabacs de primera qualitat. Tamb\u00e9 productes de papereria, llibreria.","publisher":{"@id":"https:\/\/www.tabacfigueres.com\/ca\/#organization"},"potentialAction":[{"@type":"SearchAction","target":{"@type":"EntryPoint","urlTemplate":"https:\/\/www.tabacfigueres.com\/ca\/?s={search_term_string}"},"query-input":"required name=search_term_string"}],"inLanguage":"ca"},{"@type":"Organization","@id":"https:\/\/www.tabacfigueres.com\/ca\/#organization","name":"Estanc n8 Figueres","url":"https:\/\/www.tabacfigueres.com\/ca\/","logo":{"@type":"ImageObject","inLanguage":"ca","@id":"https:\/\/www.tabacfigueres.com\/ca\/#\/schema\/logo\/image\/","url":"https:\/\/www.tabacfigueres.com\/wp-content\/uploads\/2021\/01\/logo.png","contentUrl":"https:\/\/www.tabacfigueres.com\/wp-content\/uploads\/2021\/01\/logo.png","width":250,"height":76,"caption":"Estanc n8 Figueres"},"image":{"@id":"https:\/\/www.tabacfigueres.com\/ca\/#\/schema\/logo\/image\/"}}]}},"_links":{"self":[{"href":"https:\/\/www.tabacfigueres.com\/ca\/wp-json\/wp\/v2\/product\/551","targetHints":{"allow":["GET"]}}],"collection":[{"href":"https:\/\/www.tabacfigueres.com\/ca\/wp-json\/wp\/v2\/product"}],"about":[{"href":"https:\/\/www.tabacfigueres.com\/ca\/wp-json\/wp\/v2\/types\/product"}],"replies":[{"embeddable":true,"href":"https:\/\/www.tabacfigueres.com\/ca\/wp-json\/wp\/v2\/comments?post=551"}],"wp:featuredmedia":[{"embeddable":true,"href":"https:\/\/www.tabacfigueres.com\/ca\/wp-json\/wp\/v2\/media\/553"}],"wp:attachment":[{"href":"https:\/\/www.tabacfigueres.com\/ca\/wp-json\/wp\/v2\/media?parent=551"}],"wp:term":[{"taxonomy":"product_cat","embeddable":true,"href":"https:\/\/www.tabacfigueres.com\/ca\/wp-json\/wp\/v2\/product_cat?post=551"},{"taxonomy":"product_tag","embeddable":true,"href":"https:\/\/www.tabacfigueres.com\/ca\/wp-json\/wp\/v2\/product_tag?post=551"}],"curies":[{"name":"wp","href":"https:\/\/api.w.org\/{rel}","templated":true}]}}