{"id":644,"date":"2019-01-16T13:01:54","date_gmt":"2021-02-02T10:35:25","guid":{"rendered":"https:\/\/www.tabacfigueres.com\/productos\/Sense categoria\/cigarret-electronic-aspire-k4\/"},"modified":"2021-02-02T10:35:25","modified_gmt":"2021-02-02T10:35:25","slug":"cigarret-electronic-aspire-k4","status":"publish","type":"product","link":"https:\/\/www.tabacfigueres.com\/ca\/productes\/articles-fumador\/cigar-electronic\/cigarret-electronic-aspire-k4\/","title":{"rendered":"Cigarret electr\u00f2nic Aspire K4"},"content":{"rendered":"<p>Kit d&#8217;inici r\u00e0pid Aspire K4 Ve amb 2 ml Compatible amb TPD Cleito Tank 2000mAh Bateria d&#8217;estil de gran capacitat per a llarg Vape (rosa) Sense nicotina ni tabac.<\/p>\n<p><strong>Caracter\u00edstiques:<\/strong><\/p>\n<ul>\n<li>Tamany: 22 (D) x 58 (L) mm<\/li>\n<li>Capacitat: 3.5 ml<\/li>\n<li>Atomitzador: Kanthal Clapton 0.27ohm (40-55W)<\/li>\n<li>Material: SS, Payrex Glass y Delrin<\/li>\n<li>Color: Negre, Plata<\/li>\n<li>Bateria Aspire K4<\/li>\n<li>Tamany: 22 (D) x 84 (L) mm<\/li>\n<li>Capacitat: 2000mAh<\/li>\n<li>Max Ouput Voltaje: 4.2V<\/li>\n<li>Corrent de sortida: 20A &#8211; 30A<\/li>\n<li>Interval de resist\u00e8ncia adequat: 0.2ohm &#8211; 0.3ohm<\/li>\n<li>Gamma de pot\u00e8ncia de sortida: 48 &#8211; 72W<\/li>\n<li>Fibra de carboni<\/li>\n<li>Color: Negre o Rosa<\/li>\n<\/ul>\n","protected":false},"excerpt":{"rendered":"<p>Kit d&#8217;inici r\u00e0pid Aspire K4.<\/p>\n","protected":false},"featured_media":591,"comment_status":"closed","ping_status":"closed","template":"","meta":{"_exactmetrics_skip_tracking":false,"_exactmetrics_sitenote_active":false,"_exactmetrics_sitenote_note":"","_exactmetrics_sitenote_category":0},"product_cat":[51,55],"product_tag":[],"class_list":{"0":"post-644","1":"product","2":"type-product","3":"status-publish","4":"has-post-thumbnail","6":"product_cat-articles-fumador","7":"product_cat-cigar-electronic","9":"first","10":"instock","11":"sale","12":"featured","13":"shipping-taxable","14":"purchasable","15":"product-type-simple","16":"customify-col"},"yoast_head":"<!-- This site is optimized with the Yoast SEO plugin v21.7 - https:\/\/yoast.com\/wordpress\/plugins\/seo\/ -->\n<title>Cigarret electr\u00f2nic Aspire K4 - Tabac n. 8 Figueres - Loteria Nacional la primitiva Euromili\u00f3 la Quiniela<\/title>\n<meta name=\"robots\" content=\"index, follow, max-snippet:-1, max-image-preview:large, max-video-preview:-1\" \/>\n<link rel=\"canonical\" href=\"https:\/\/www.tabacfigueres.com\/ca\/productes\/articles-fumador\/cigar-electronic\/cigarret-electronic-aspire-k4\/\" \/>\n<meta property=\"og:locale\" content=\"ca_ES\" \/>\n<meta property=\"og:type\" content=\"article\" \/>\n<meta property=\"og:title\" content=\"Cigarret electr\u00f2nic Aspire K4 - Tabac n. 8 Figueres - Loteria Nacional la primitiva Euromili\u00f3 la Quiniela\" \/>\n<meta property=\"og:description\" content=\"Kit d&#039;inici r\u00e0pid Aspire K4.\" \/>\n<meta property=\"og:url\" content=\"https:\/\/www.tabacfigueres.com\/ca\/productes\/articles-fumador\/cigar-electronic\/cigarret-electronic-aspire-k4\/\" \/>\n<meta property=\"og:site_name\" content=\"Tabac n. 8 Figueres - Loteria Nacional la primitiva Euromili\u00f3 la Quiniela\" \/>\n<meta property=\"og:image\" content=\"https:\/\/www.tabacfigueres.com\/wp-content\/uploads\/2019\/01\/cigarro-alectronico-01.jpg\" \/>\n\t<meta property=\"og:image:width\" content=\"1024\" \/>\n\t<meta property=\"og:image:height\" content=\"768\" \/>\n\t<meta property=\"og:image:type\" content=\"image\/jpeg\" \/>\n<meta name=\"twitter:card\" content=\"summary_large_image\" \/>\n<script type=\"application\/ld+json\" class=\"yoast-schema-graph\">{\"@context\":\"https:\/\/schema.org\",\"@graph\":[{\"@type\":\"WebPage\",\"@id\":\"https:\/\/www.tabacfigueres.com\/ca\/productes\/articles-fumador\/cigar-electronic\/cigarret-electronic-aspire-k4\/\",\"url\":\"https:\/\/www.tabacfigueres.com\/ca\/productes\/articles-fumador\/cigar-electronic\/cigarret-electronic-aspire-k4\/\",\"name\":\"Cigarret electr\u00f2nic Aspire K4 - Tabac n. 8 Figueres - Loteria Nacional la primitiva Euromili\u00f3 la Quiniela\",\"isPartOf\":{\"@id\":\"https:\/\/www.tabacfigueres.com\/ca\/#website\"},\"datePublished\":\"2021-02-02T10:35:25+00:00\",\"dateModified\":\"2021-02-02T10:35:25+00:00\",\"breadcrumb\":{\"@id\":\"https:\/\/www.tabacfigueres.com\/ca\/productes\/articles-fumador\/cigar-electronic\/cigarret-electronic-aspire-k4\/#breadcrumb\"},\"inLanguage\":\"ca\",\"potentialAction\":[{\"@type\":\"ReadAction\",\"target\":[\"https:\/\/www.tabacfigueres.com\/ca\/productes\/articles-fumador\/cigar-electronic\/cigarret-electronic-aspire-k4\/\"]}]},{\"@type\":\"BreadcrumbList\",\"@id\":\"https:\/\/www.tabacfigueres.com\/ca\/productes\/articles-fumador\/cigar-electronic\/cigarret-electronic-aspire-k4\/#breadcrumb\",\"itemListElement\":[{\"@type\":\"ListItem\",\"position\":1,\"name\":\"Portada\",\"item\":\"https:\/\/www.tabacfigueres.com\/ca\/\"},{\"@type\":\"ListItem\",\"position\":2,\"name\":\"Productos\",\"item\":\"https:\/\/www.tabacfigueres.com\/productos\/\"},{\"@type\":\"ListItem\",\"position\":3,\"name\":\"Cigarret electr\u00f2nic Aspire K4\"}]},{\"@type\":\"WebSite\",\"@id\":\"https:\/\/www.tabacfigueres.com\/ca\/#website\",\"url\":\"https:\/\/www.tabacfigueres.com\/ca\/\",\"name\":\"Tabac n. 8 Figueres - Loteria Nacional la primitiva Euromili\u00f3 la Quiniela\",\"description\":\"Al nostre estanc a Figueres podr\u00e0s trobar tots els articles pel fumador, on destaca la nostra gran selecci\u00f3 de cigars Havans i tabacs de primera qualitat. Tamb\u00e9 productes de papereria, llibreria.\",\"publisher\":{\"@id\":\"https:\/\/www.tabacfigueres.com\/ca\/#organization\"},\"potentialAction\":[{\"@type\":\"SearchAction\",\"target\":{\"@type\":\"EntryPoint\",\"urlTemplate\":\"https:\/\/www.tabacfigueres.com\/ca\/?s={search_term_string}\"},\"query-input\":\"required name=search_term_string\"}],\"inLanguage\":\"ca\"},{\"@type\":\"Organization\",\"@id\":\"https:\/\/www.tabacfigueres.com\/ca\/#organization\",\"name\":\"Estanc n8 Figueres\",\"url\":\"https:\/\/www.tabacfigueres.com\/ca\/\",\"logo\":{\"@type\":\"ImageObject\",\"inLanguage\":\"ca\",\"@id\":\"https:\/\/www.tabacfigueres.com\/ca\/#\/schema\/logo\/image\/\",\"url\":\"https:\/\/www.tabacfigueres.com\/wp-content\/uploads\/2021\/01\/logo.png\",\"contentUrl\":\"https:\/\/www.tabacfigueres.com\/wp-content\/uploads\/2021\/01\/logo.png\",\"width\":250,\"height\":76,\"caption\":\"Estanc n8 Figueres\"},\"image\":{\"@id\":\"https:\/\/www.tabacfigueres.com\/ca\/#\/schema\/logo\/image\/\"}}]}<\/script>\n<!-- \/ Yoast SEO plugin. -->","yoast_head_json":{"title":"Cigarret electr\u00f2nic Aspire K4 - Tabac n. 8 Figueres - Loteria Nacional la primitiva Euromili\u00f3 la Quiniela","robots":{"index":"index","follow":"follow","max-snippet":"max-snippet:-1","max-image-preview":"max-image-preview:large","max-video-preview":"max-video-preview:-1"},"canonical":"https:\/\/www.tabacfigueres.com\/ca\/productes\/articles-fumador\/cigar-electronic\/cigarret-electronic-aspire-k4\/","og_locale":"ca_ES","og_type":"article","og_title":"Cigarret electr\u00f2nic Aspire K4 - Tabac n. 8 Figueres - Loteria Nacional la primitiva Euromili\u00f3 la Quiniela","og_description":"Kit d'inici r\u00e0pid Aspire K4.","og_url":"https:\/\/www.tabacfigueres.com\/ca\/productes\/articles-fumador\/cigar-electronic\/cigarret-electronic-aspire-k4\/","og_site_name":"Tabac n. 8 Figueres - Loteria Nacional la primitiva Euromili\u00f3 la Quiniela","og_image":[{"width":1024,"height":768,"url":"https:\/\/www.tabacfigueres.com\/wp-content\/uploads\/2019\/01\/cigarro-alectronico-01.jpg","type":"image\/jpeg"}],"twitter_card":"summary_large_image","schema":{"@context":"https:\/\/schema.org","@graph":[{"@type":"WebPage","@id":"https:\/\/www.tabacfigueres.com\/ca\/productes\/articles-fumador\/cigar-electronic\/cigarret-electronic-aspire-k4\/","url":"https:\/\/www.tabacfigueres.com\/ca\/productes\/articles-fumador\/cigar-electronic\/cigarret-electronic-aspire-k4\/","name":"Cigarret electr\u00f2nic Aspire K4 - Tabac n. 8 Figueres - Loteria Nacional la primitiva Euromili\u00f3 la Quiniela","isPartOf":{"@id":"https:\/\/www.tabacfigueres.com\/ca\/#website"},"datePublished":"2021-02-02T10:35:25+00:00","dateModified":"2021-02-02T10:35:25+00:00","breadcrumb":{"@id":"https:\/\/www.tabacfigueres.com\/ca\/productes\/articles-fumador\/cigar-electronic\/cigarret-electronic-aspire-k4\/#breadcrumb"},"inLanguage":"ca","potentialAction":[{"@type":"ReadAction","target":["https:\/\/www.tabacfigueres.com\/ca\/productes\/articles-fumador\/cigar-electronic\/cigarret-electronic-aspire-k4\/"]}]},{"@type":"BreadcrumbList","@id":"https:\/\/www.tabacfigueres.com\/ca\/productes\/articles-fumador\/cigar-electronic\/cigarret-electronic-aspire-k4\/#breadcrumb","itemListElement":[{"@type":"ListItem","position":1,"name":"Portada","item":"https:\/\/www.tabacfigueres.com\/ca\/"},{"@type":"ListItem","position":2,"name":"Productos","item":"https:\/\/www.tabacfigueres.com\/productos\/"},{"@type":"ListItem","position":3,"name":"Cigarret electr\u00f2nic Aspire K4"}]},{"@type":"WebSite","@id":"https:\/\/www.tabacfigueres.com\/ca\/#website","url":"https:\/\/www.tabacfigueres.com\/ca\/","name":"Tabac n. 8 Figueres - Loteria Nacional la primitiva Euromili\u00f3 la Quiniela","description":"Al nostre estanc a Figueres podr\u00e0s trobar tots els articles pel fumador, on destaca la nostra gran selecci\u00f3 de cigars Havans i tabacs de primera qualitat. Tamb\u00e9 productes de papereria, llibreria.","publisher":{"@id":"https:\/\/www.tabacfigueres.com\/ca\/#organization"},"potentialAction":[{"@type":"SearchAction","target":{"@type":"EntryPoint","urlTemplate":"https:\/\/www.tabacfigueres.com\/ca\/?s={search_term_string}"},"query-input":"required name=search_term_string"}],"inLanguage":"ca"},{"@type":"Organization","@id":"https:\/\/www.tabacfigueres.com\/ca\/#organization","name":"Estanc n8 Figueres","url":"https:\/\/www.tabacfigueres.com\/ca\/","logo":{"@type":"ImageObject","inLanguage":"ca","@id":"https:\/\/www.tabacfigueres.com\/ca\/#\/schema\/logo\/image\/","url":"https:\/\/www.tabacfigueres.com\/wp-content\/uploads\/2021\/01\/logo.png","contentUrl":"https:\/\/www.tabacfigueres.com\/wp-content\/uploads\/2021\/01\/logo.png","width":250,"height":76,"caption":"Estanc n8 Figueres"},"image":{"@id":"https:\/\/www.tabacfigueres.com\/ca\/#\/schema\/logo\/image\/"}}]}},"_links":{"self":[{"href":"https:\/\/www.tabacfigueres.com\/ca\/wp-json\/wp\/v2\/product\/644","targetHints":{"allow":["GET"]}}],"collection":[{"href":"https:\/\/www.tabacfigueres.com\/ca\/wp-json\/wp\/v2\/product"}],"about":[{"href":"https:\/\/www.tabacfigueres.com\/ca\/wp-json\/wp\/v2\/types\/product"}],"replies":[{"embeddable":true,"href":"https:\/\/www.tabacfigueres.com\/ca\/wp-json\/wp\/v2\/comments?post=644"}],"wp:featuredmedia":[{"embeddable":true,"href":"https:\/\/www.tabacfigueres.com\/ca\/wp-json\/wp\/v2\/media\/591"}],"wp:attachment":[{"href":"https:\/\/www.tabacfigueres.com\/ca\/wp-json\/wp\/v2\/media?parent=644"}],"wp:term":[{"taxonomy":"product_cat","embeddable":true,"href":"https:\/\/www.tabacfigueres.com\/ca\/wp-json\/wp\/v2\/product_cat?post=644"},{"taxonomy":"product_tag","embeddable":true,"href":"https:\/\/www.tabacfigueres.com\/ca\/wp-json\/wp\/v2\/product_tag?post=644"}],"curies":[{"name":"wp","href":"https:\/\/api.w.org\/{rel}","templated":true}]}}